{"id":9,"date":"2012-02-09T09:17:53","date_gmt":"2012-02-09T09:17:53","guid":{"rendered":"http:\/\/www.the-voice-of-freedom.com\/wordpress\/?page_id=9"},"modified":"2025-01-15T19:16:51","modified_gmt":"2025-01-15T17:16:51","slug":"histoire-de-la-chorale","status":"publish","type":"page","link":"https:\/\/www.the-voice-of-freedom.com\/wordpress\/histoire-de-la-chorale\/","title":{"rendered":"Histoire de la chorale <br\/>The Voice of Freedom"},"content":{"rendered":"<h2 style=\"text-align: justify;\">Gospel et\u00a0 Negro-Spirituals : une passion partag\u00e9e&#8230; depuis plus de 20 ans !<\/h2>\n<p style=\"text-align: justify;\"><strong>The Voice of Freedom<\/strong> est n\u00e9e en 1992 \u00e0 l&rsquo;initiative d&rsquo;Avon Stuart, artiste lyrique afro-am\u00e9ricain. Constitu\u00e9e depuis en <strong>association \u00abLoi de 19<\/strong><strong>01\u00bb<\/strong>, notre chorale regroupe aujourd&rsquo;hui entre soixante-dix et quatre-vingt-dix choristes amateurs. Et si dans le mot <strong>amateurs<\/strong> il y a aimer, c&rsquo;est bien l\u00e0 qu&rsquo;il faut trouver le lien qui nous r\u00e9unit\u00a0chaque semaine : une passion commune pour les chants religieux d&rsquo;inspiration afro-am\u00e9ricaine.<\/p>\n<h2 style=\"text-align: justify;\">Le but de notre association est de diffuser et de faire partager notre amour de cette musique.<\/h2>\n<p style=\"text-align: justify;\">De \u00ab\u00a0All my trials\u00a0\u00bb \u00e0 \u00ab\u00a0Oh freedom\u00a0\u00bb, les <a title=\"Negro Spirituals &amp; Gospel\" href=\"https:\/\/www.the-voice-of-freedom.com\/wordpress\/?page_id=6\">negro spirituals<\/a>, \u00e0 travers l&rsquo;\u00e9vocation de la douleur des esclaves noirs am\u00e9ricains, symbolisent aujourd&rsquo;hui la lutte contre toutes les exclusions. C&rsquo;est\u00a0 dans cet esprit que nous aimons interpr\u00e9ter ces chants de libert\u00e9 et d&rsquo;esp\u00e9rance, notamment en apportant r\u00e9guli\u00e8rement notre soutien \u00e0\u00a0 des projets\u00a0 humanitaires ou des organismes caritatifs. Chanter des Negro-spirituals est notre fa\u00e7on de perp\u00e9tuer la tradition de cette musique forte et profonde ; la base de notre r\u00e9pertoire comporte une cinquantaine de morceaux traditionnels ou compos\u00e9s par les meilleurs sp\u00e9cialistes du genre.<\/p>\n<h2 style=\"text-align: justify;\">Un bout d&rsquo;histoire ensemble :<\/h2>\n<p style=\"text-align: justify;\">Quatre chefs de ch\u0153ur se sont succ\u00e9d\u00e9s \u00e0 la t\u00eate de notre chorale depuis sa cr\u00e9ation en <strong>1992<\/strong>.<\/p>\n<div style=\"text-align: justify;\">\u00a0<\/div>\n<p><img loading=\"lazy\" decoding=\"async\" class=\"alignnone size-full wp-image-4403\" src=\"https:\/\/www.the-voice-of-freedom.com\/wordpress\/wp-content\/uploads\/2012\/02\/Frise-VoF-1-1.jpg\" alt=\"Frise VoF 1\" width=\"888\" height=\"395\" srcset=\"https:\/\/www.the-voice-of-freedom.com\/wordpress\/wp-content\/uploads\/2012\/02\/Frise-VoF-1-1.jpg 888w, https:\/\/www.the-voice-of-freedom.com\/wordpress\/wp-content\/uploads\/2012\/02\/Frise-VoF-1-1-300x133.jpg 300w\" sizes=\"auto, (max-width: 888px) 100vw, 888px\" \/><\/p>\n<p>\u00a0<\/p>\n<p>Et nous serions bien peu de chose sans notre exceptionnel <strong>pianiste<\/strong>, aussi talentueux que fid\u00e8le, qui nous accompagne sans faiblir depuis plus de 20 ans,<strong> Pierre-Michel KUSS.<img loading=\"lazy\" decoding=\"async\" class=\"wp-image-5232 alignleft\" src=\"https:\/\/www.the-voice-of-freedom.com\/wordpress\/wp-content\/uploads\/2025\/01\/IMG_4181-scaled.jpg\" alt=\"\" width=\"132\" height=\"198\" srcset=\"https:\/\/www.the-voice-of-freedom.com\/wordpress\/wp-content\/uploads\/2025\/01\/IMG_4181-scaled.jpg 1707w, https:\/\/www.the-voice-of-freedom.com\/wordpress\/wp-content\/uploads\/2025\/01\/IMG_4181-200x300.jpg 200w, https:\/\/www.the-voice-of-freedom.com\/wordpress\/wp-content\/uploads\/2025\/01\/IMG_4181-683x1024.jpg 683w, https:\/\/www.the-voice-of-freedom.com\/wordpress\/wp-content\/uploads\/2025\/01\/IMG_4181-1024x1536.jpg 1024w, https:\/\/www.the-voice-of-freedom.com\/wordpress\/wp-content\/uploads\/2025\/01\/IMG_4181-1365x2048.jpg 1365w\" sizes=\"auto, (max-width: 132px) 100vw, 132px\" \/><\/strong><\/p>\n<p><img loading=\"lazy\" decoding=\"async\" class=\"alignleft wp-image-134 size-full\" title=\"ricardo\" src=\"https:\/\/www.the-voice-of-freedom.com\/wordpress\/wp-content\/uploads\/2012\/04\/ricardo.jpg\" alt=\"\" width=\"100\" height=\"180\" \/><\/p>\n<p>De 2011 \u00e0 2020, The Voice of Freedom a \u00e9t\u00e9 accompagn\u00e9e par le <strong>percussionniste<\/strong> <strong>Ricardo Garatea<\/strong> !<\/p>\n<p><img loading=\"lazy\" decoding=\"async\" class=\" wp-image-5116 alignleft\" src=\"https:\/\/www.the-voice-of-freedom.com\/wordpress\/wp-content\/uploads\/2023\/05\/Fabrice-Dupe-1-Batteur-scaled.jpg\" alt=\"\" width=\"131\" height=\"247\" srcset=\"https:\/\/www.the-voice-of-freedom.com\/wordpress\/wp-content\/uploads\/2023\/05\/Fabrice-Dupe-1-Batteur-scaled.jpg 1354w, https:\/\/www.the-voice-of-freedom.com\/wordpress\/wp-content\/uploads\/2023\/05\/Fabrice-Dupe-1-Batteur-159x300.jpg 159w, https:\/\/www.the-voice-of-freedom.com\/wordpress\/wp-content\/uploads\/2023\/05\/Fabrice-Dupe-1-Batteur-541x1024.jpg 541w, https:\/\/www.the-voice-of-freedom.com\/wordpress\/wp-content\/uploads\/2023\/05\/Fabrice-Dupe-1-Batteur-812x1536.jpg 812w, https:\/\/www.the-voice-of-freedom.com\/wordpress\/wp-content\/uploads\/2023\/05\/Fabrice-Dupe-1-Batteur-1083x2048.jpg 1083w\" sizes=\"auto, (max-width: 131px) 100vw, 131px\" \/><\/p>\n<p><strong style=\"font-size: revert; color: initial;\">Fabrice Dup\u00e9<\/strong><span style=\"font-size: revert; color: initial;\"> nous a accompagn\u00e9 de 2021 \u00e0 2024 avec un grand brio !!<\/span><\/p>\n<p><img loading=\"lazy\" decoding=\"async\" class=\"wp-image-5229 alignleft\" src=\"https:\/\/www.the-voice-of-freedom.com\/wordpress\/wp-content\/uploads\/2025\/01\/Cyril-scaled.jpg\" alt=\"\" width=\"176\" height=\"264\" srcset=\"https:\/\/www.the-voice-of-freedom.com\/wordpress\/wp-content\/uploads\/2025\/01\/Cyril-scaled.jpg 1704w, https:\/\/www.the-voice-of-freedom.com\/wordpress\/wp-content\/uploads\/2025\/01\/Cyril-200x300.jpg 200w, https:\/\/www.the-voice-of-freedom.com\/wordpress\/wp-content\/uploads\/2025\/01\/Cyril-682x1024.jpg 682w, https:\/\/www.the-voice-of-freedom.com\/wordpress\/wp-content\/uploads\/2025\/01\/Cyril-1022x1536.jpg 1022w, https:\/\/www.the-voice-of-freedom.com\/wordpress\/wp-content\/uploads\/2025\/01\/Cyril-1363x2048.jpg 1363w\" sizes=\"auto, (max-width: 176px) 100vw, 176px\" \/>Depuis 2024, nous avons la joie d&rsquo;\u00eatre accompagn\u00e9s aux percussions par <strong>Cyril Blanc<\/strong>.<\/p>\n<p>Percussionniste \u00e9clectique,\u00a0 apr\u00e8s une formation afro-cubaine,\u00a0<span class=\"il\">Cyril<\/span>\u00a0joue dans diff\u00e9rents style, salsa, jazz, funk, chanson fran\u00e7aise et flamenco.<\/p>\n<p>\u00a0<\/p>\n<p>\u00a0<\/p>\n<!--themify_builder_content-->\n<div id=\"themify_builder_content-9\" data-postid=\"9\" class=\"themify_builder_content themify_builder_content-9 themify_builder tf_clear\">\n    <\/div>\n<!--\/themify_builder_content-->","protected":false},"excerpt":{"rendered":"<p>Gospel et\u00a0 Negro-Spirituals : une passion partag\u00e9e&#8230; depuis plus de 20 ans ! The Voice of Freedom est n\u00e9e en 1992 \u00e0 l&rsquo;initiative d&rsquo;Avon Stuart, artiste lyrique afro-am\u00e9ricain. Constitu\u00e9e depuis en association \u00abLoi de 1901\u00bb, notre chorale regroupe aujourd&rsquo;hui entre soixante-dix et quatre-vingt-dix choristes amateurs. Et si dans le mot amateurs il y a aimer, [&hellip;]<\/p>\n","protected":false},"author":1,"featured_media":0,"parent":0,"menu_order":1,"comment_status":"closed","ping_status":"closed","template":"","meta":{"footnotes":""},"class_list":["post-9","page","type-page","status-publish","hentry","has-post-title","has-post-date","has-post-category","has-post-tag","has-post-comment","has-post-author",""],"yoast_head":"<!-- This site is optimized with the Yoast SEO plugin v27.3 - https:\/\/yoast.com\/product\/yoast-seo-wordpress\/ -->\n<title>Histoire de la chorale The Voice of Freedom - The Voice of Freedom<\/title>\n<meta name=\"robots\" content=\"index, follow, max-snippet:-1, max-image-preview:large, max-video-preview:-1\" \/>\n<link rel=\"canonical\" href=\"https:\/\/www.the-voice-of-freedom.com\/wordpress\/histoire-de-la-chorale\/\" \/>\n<meta property=\"og:locale\" content=\"fr_FR\" \/>\n<meta property=\"og:type\" content=\"article\" \/>\n<meta property=\"og:title\" content=\"Histoire de la chorale The Voice of Freedom - The Voice of Freedom\" \/>\n<meta property=\"og:description\" content=\"Gospel et\u00a0 Negro-Spirituals : une passion partag\u00e9e&#8230; depuis plus de 20 ans ! The Voice of Freedom est n\u00e9e en 1992 \u00e0 l&rsquo;initiative d&rsquo;Avon Stuart, artiste lyrique afro-am\u00e9ricain. Constitu\u00e9e depuis en association \u00abLoi de 1901\u00bb, notre chorale regroupe aujourd&rsquo;hui entre soixante-dix et quatre-vingt-dix choristes amateurs. Et si dans le mot amateurs il y a aimer, [&hellip;]\" \/>\n<meta property=\"og:url\" content=\"https:\/\/www.the-voice-of-freedom.com\/wordpress\/histoire-de-la-chorale\/\" \/>\n<meta property=\"og:site_name\" content=\"The Voice of Freedom\" \/>\n<meta property=\"article:modified_time\" content=\"2025-01-15T17:16:51+00:00\" \/>\n<meta property=\"og:image\" content=\"https:\/\/www.the-voice-of-freedom.com\/wordpress\/wp-content\/uploads\/2012\/02\/Frise-VoF-1-1.jpg\" \/>\n\t<meta property=\"og:image:width\" content=\"888\" \/>\n\t<meta property=\"og:image:height\" content=\"395\" \/>\n\t<meta property=\"og:image:type\" content=\"image\/jpeg\" \/>\n<meta name=\"twitter:card\" content=\"summary_large_image\" \/>\n<meta name=\"twitter:label1\" content=\"Dur\u00e9e de lecture estim\u00e9e\" \/>\n\t<meta name=\"twitter:data1\" content=\"3 minutes\" \/>\n<script type=\"application\/ld+json\" class=\"yoast-schema-graph\">{\"@context\":\"https:\\\/\\\/schema.org\",\"@graph\":[{\"@type\":\"WebPage\",\"@id\":\"https:\\\/\\\/www.the-voice-of-freedom.com\\\/wordpress\\\/histoire-de-la-chorale\\\/\",\"url\":\"https:\\\/\\\/www.the-voice-of-freedom.com\\\/wordpress\\\/histoire-de-la-chorale\\\/\",\"name\":\"Histoire de la chorale The Voice of Freedom - The Voice of Freedom\",\"isPartOf\":{\"@id\":\"https:\\\/\\\/www.the-voice-of-freedom.com\\\/wordpress\\\/#website\"},\"primaryImageOfPage\":{\"@id\":\"https:\\\/\\\/www.the-voice-of-freedom.com\\\/wordpress\\\/histoire-de-la-chorale\\\/#primaryimage\"},\"image\":{\"@id\":\"https:\\\/\\\/www.the-voice-of-freedom.com\\\/wordpress\\\/histoire-de-la-chorale\\\/#primaryimage\"},\"thumbnailUrl\":\"https:\\\/\\\/www.the-voice-of-freedom.com\\\/wordpress\\\/wp-content\\\/uploads\\\/2012\\\/02\\\/Frise-VoF-1-1.jpg\",\"datePublished\":\"2012-02-09T09:17:53+00:00\",\"dateModified\":\"2025-01-15T17:16:51+00:00\",\"breadcrumb\":{\"@id\":\"https:\\\/\\\/www.the-voice-of-freedom.com\\\/wordpress\\\/histoire-de-la-chorale\\\/#breadcrumb\"},\"inLanguage\":\"fr-FR\",\"potentialAction\":[{\"@type\":\"ReadAction\",\"target\":[\"https:\\\/\\\/www.the-voice-of-freedom.com\\\/wordpress\\\/histoire-de-la-chorale\\\/\"]}]},{\"@type\":\"ImageObject\",\"inLanguage\":\"fr-FR\",\"@id\":\"https:\\\/\\\/www.the-voice-of-freedom.com\\\/wordpress\\\/histoire-de-la-chorale\\\/#primaryimage\",\"url\":\"https:\\\/\\\/www.the-voice-of-freedom.com\\\/wordpress\\\/wp-content\\\/uploads\\\/2012\\\/02\\\/Frise-VoF-1-1.jpg\",\"contentUrl\":\"https:\\\/\\\/www.the-voice-of-freedom.com\\\/wordpress\\\/wp-content\\\/uploads\\\/2012\\\/02\\\/Frise-VoF-1-1.jpg\",\"width\":888,\"height\":395},{\"@type\":\"BreadcrumbList\",\"@id\":\"https:\\\/\\\/www.the-voice-of-freedom.com\\\/wordpress\\\/histoire-de-la-chorale\\\/#breadcrumb\",\"itemListElement\":[{\"@type\":\"ListItem\",\"position\":1,\"name\":\"Accueil\",\"item\":\"https:\\\/\\\/www.the-voice-of-freedom.com\\\/wordpress\\\/\"},{\"@type\":\"ListItem\",\"position\":2,\"name\":\"Histoire de la chorale The Voice of Freedom\"}]},{\"@type\":\"WebSite\",\"@id\":\"https:\\\/\\\/www.the-voice-of-freedom.com\\\/wordpress\\\/#website\",\"url\":\"https:\\\/\\\/www.the-voice-of-freedom.com\\\/wordpress\\\/\",\"name\":\"The Voice of Freedom\",\"description\":\"Chorale parisienne de Negro Spirituals et Gospel\",\"publisher\":{\"@id\":\"https:\\\/\\\/www.the-voice-of-freedom.com\\\/wordpress\\\/#organization\"},\"potentialAction\":[{\"@type\":\"SearchAction\",\"target\":{\"@type\":\"EntryPoint\",\"urlTemplate\":\"https:\\\/\\\/www.the-voice-of-freedom.com\\\/wordpress\\\/?s={search_term_string}\"},\"query-input\":{\"@type\":\"PropertyValueSpecification\",\"valueRequired\":true,\"valueName\":\"search_term_string\"}}],\"inLanguage\":\"fr-FR\"},{\"@type\":\"Organization\",\"@id\":\"https:\\\/\\\/www.the-voice-of-freedom.com\\\/wordpress\\\/#organization\",\"name\":\"The Voice Of Freedom\",\"url\":\"https:\\\/\\\/www.the-voice-of-freedom.com\\\/wordpress\\\/\",\"logo\":{\"@type\":\"ImageObject\",\"inLanguage\":\"fr-FR\",\"@id\":\"https:\\\/\\\/www.the-voice-of-freedom.com\\\/wordpress\\\/#\\\/schema\\\/logo\\\/image\\\/\",\"url\":\"https:\\\/\\\/www.the-voice-of-freedom.com\\\/wordpress\\\/wp-content\\\/uploads\\\/2017\\\/03\\\/logo-vof.png\",\"contentUrl\":\"https:\\\/\\\/www.the-voice-of-freedom.com\\\/wordpress\\\/wp-content\\\/uploads\\\/2017\\\/03\\\/logo-vof.png\",\"width\":134,\"height\":75,\"caption\":\"The Voice Of Freedom\"},\"image\":{\"@id\":\"https:\\\/\\\/www.the-voice-of-freedom.com\\\/wordpress\\\/#\\\/schema\\\/logo\\\/image\\\/\"}}]}<\/script>\n<!-- \/ Yoast SEO plugin. -->","yoast_head_json":{"title":"Histoire de la chorale The Voice of Freedom - The Voice of Freedom","robots":{"index":"index","follow":"follow","max-snippet":"max-snippet:-1","max-image-preview":"max-image-preview:large","max-video-preview":"max-video-preview:-1"},"canonical":"https:\/\/www.the-voice-of-freedom.com\/wordpress\/histoire-de-la-chorale\/","og_locale":"fr_FR","og_type":"article","og_title":"Histoire de la chorale The Voice of Freedom - The Voice of Freedom","og_description":"Gospel et\u00a0 Negro-Spirituals : une passion partag\u00e9e&#8230; depuis plus de 20 ans ! The Voice of Freedom est n\u00e9e en 1992 \u00e0 l&rsquo;initiative d&rsquo;Avon Stuart, artiste lyrique afro-am\u00e9ricain. Constitu\u00e9e depuis en association \u00abLoi de 1901\u00bb, notre chorale regroupe aujourd&rsquo;hui entre soixante-dix et quatre-vingt-dix choristes amateurs. Et si dans le mot amateurs il y a aimer, [&hellip;]","og_url":"https:\/\/www.the-voice-of-freedom.com\/wordpress\/histoire-de-la-chorale\/","og_site_name":"The Voice of Freedom","article_modified_time":"2025-01-15T17:16:51+00:00","og_image":[{"width":888,"height":395,"url":"https:\/\/www.the-voice-of-freedom.com\/wordpress\/wp-content\/uploads\/2012\/02\/Frise-VoF-1-1.jpg","type":"image\/jpeg"}],"twitter_card":"summary_large_image","twitter_misc":{"Dur\u00e9e de lecture estim\u00e9e":"3 minutes"},"schema":{"@context":"https:\/\/schema.org","@graph":[{"@type":"WebPage","@id":"https:\/\/www.the-voice-of-freedom.com\/wordpress\/histoire-de-la-chorale\/","url":"https:\/\/www.the-voice-of-freedom.com\/wordpress\/histoire-de-la-chorale\/","name":"Histoire de la chorale The Voice of Freedom - The Voice of Freedom","isPartOf":{"@id":"https:\/\/www.the-voice-of-freedom.com\/wordpress\/#website"},"primaryImageOfPage":{"@id":"https:\/\/www.the-voice-of-freedom.com\/wordpress\/histoire-de-la-chorale\/#primaryimage"},"image":{"@id":"https:\/\/www.the-voice-of-freedom.com\/wordpress\/histoire-de-la-chorale\/#primaryimage"},"thumbnailUrl":"https:\/\/www.the-voice-of-freedom.com\/wordpress\/wp-content\/uploads\/2012\/02\/Frise-VoF-1-1.jpg","datePublished":"2012-02-09T09:17:53+00:00","dateModified":"2025-01-15T17:16:51+00:00","breadcrumb":{"@id":"https:\/\/www.the-voice-of-freedom.com\/wordpress\/histoire-de-la-chorale\/#breadcrumb"},"inLanguage":"fr-FR","potentialAction":[{"@type":"ReadAction","target":["https:\/\/www.the-voice-of-freedom.com\/wordpress\/histoire-de-la-chorale\/"]}]},{"@type":"ImageObject","inLanguage":"fr-FR","@id":"https:\/\/www.the-voice-of-freedom.com\/wordpress\/histoire-de-la-chorale\/#primaryimage","url":"https:\/\/www.the-voice-of-freedom.com\/wordpress\/wp-content\/uploads\/2012\/02\/Frise-VoF-1-1.jpg","contentUrl":"https:\/\/www.the-voice-of-freedom.com\/wordpress\/wp-content\/uploads\/2012\/02\/Frise-VoF-1-1.jpg","width":888,"height":395},{"@type":"BreadcrumbList","@id":"https:\/\/www.the-voice-of-freedom.com\/wordpress\/histoire-de-la-chorale\/#breadcrumb","itemListElement":[{"@type":"ListItem","position":1,"name":"Accueil","item":"https:\/\/www.the-voice-of-freedom.com\/wordpress\/"},{"@type":"ListItem","position":2,"name":"Histoire de la chorale The Voice of Freedom"}]},{"@type":"WebSite","@id":"https:\/\/www.the-voice-of-freedom.com\/wordpress\/#website","url":"https:\/\/www.the-voice-of-freedom.com\/wordpress\/","name":"The Voice of Freedom","description":"Chorale parisienne de Negro Spirituals et Gospel","publisher":{"@id":"https:\/\/www.the-voice-of-freedom.com\/wordpress\/#organization"},"potentialAction":[{"@type":"SearchAction","target":{"@type":"EntryPoint","urlTemplate":"https:\/\/www.the-voice-of-freedom.com\/wordpress\/?s={search_term_string}"},"query-input":{"@type":"PropertyValueSpecification","valueRequired":true,"valueName":"search_term_string"}}],"inLanguage":"fr-FR"},{"@type":"Organization","@id":"https:\/\/www.the-voice-of-freedom.com\/wordpress\/#organization","name":"The Voice Of Freedom","url":"https:\/\/www.the-voice-of-freedom.com\/wordpress\/","logo":{"@type":"ImageObject","inLanguage":"fr-FR","@id":"https:\/\/www.the-voice-of-freedom.com\/wordpress\/#\/schema\/logo\/image\/","url":"https:\/\/www.the-voice-of-freedom.com\/wordpress\/wp-content\/uploads\/2017\/03\/logo-vof.png","contentUrl":"https:\/\/www.the-voice-of-freedom.com\/wordpress\/wp-content\/uploads\/2017\/03\/logo-vof.png","width":134,"height":75,"caption":"The Voice Of Freedom"},"image":{"@id":"https:\/\/www.the-voice-of-freedom.com\/wordpress\/#\/schema\/logo\/image\/"}}]}},"builder_content":"","_links":{"self":[{"href":"https:\/\/www.the-voice-of-freedom.com\/wordpress\/wp-json\/wp\/v2\/pages\/9","targetHints":{"allow":["GET"]}}],"collection":[{"href":"https:\/\/www.the-voice-of-freedom.com\/wordpress\/wp-json\/wp\/v2\/pages"}],"about":[{"href":"https:\/\/www.the-voice-of-freedom.com\/wordpress\/wp-json\/wp\/v2\/types\/page"}],"author":[{"embeddable":true,"href":"https:\/\/www.the-voice-of-freedom.com\/wordpress\/wp-json\/wp\/v2\/users\/1"}],"replies":[{"embeddable":true,"href":"https:\/\/www.the-voice-of-freedom.com\/wordpress\/wp-json\/wp\/v2\/comments?post=9"}],"version-history":[{"count":55,"href":"https:\/\/www.the-voice-of-freedom.com\/wordpress\/wp-json\/wp\/v2\/pages\/9\/revisions"}],"predecessor-version":[{"id":5290,"href":"https:\/\/www.the-voice-of-freedom.com\/wordpress\/wp-json\/wp\/v2\/pages\/9\/revisions\/5290"}],"wp:attachment":[{"href":"https:\/\/www.the-voice-of-freedom.com\/wordpress\/wp-json\/wp\/v2\/media?parent=9"}],"curies":[{"name":"wp","href":"https:\/\/api.w.org\/{rel}","templated":true}]}}