{"id":5319,"date":"2026-04-03T14:25:25","date_gmt":"2026-04-03T12:25:25","guid":{"rendered":"https:\/\/www.the-voice-of-freedom.com\/wordpress\/?page_id=5319"},"modified":"2026-04-09T11:42:17","modified_gmt":"2026-04-09T09:42:17","slug":"khalid-mcghee-chef-de-choeur","status":"publish","type":"page","link":"https:\/\/www.the-voice-of-freedom.com\/wordpress\/khalid-mcghee-chef-de-choeur\/","title":{"rendered":"Khalid McGhee, Chef de ch\u0153ur"},"content":{"rendered":"<!--themify_builder_content-->\n<div id=\"themify_builder_content-5319\" data-postid=\"5319\" class=\"themify_builder_content themify_builder_content-5319 themify_builder tf_clear\">\n    \t\t\t\t<!-- module_row -->\n\t\t<div  data-css_id=\"l4lh110\" data-lazy=\"1\" class=\"module_row themify_builder_row fullwidth_row_container tb_l4lh110 tb_first tf_w tf_clearfix\">\n\t\t\t\t\t<div class=\"row_inner col_align_top tb_col_count_1 tf_box tf_rel\">\n\t\t\t\t\t<div  data-lazy=\"1\" class=\"module_column tb-column col-full tb_5j8h110 first\">\n\t\t\t\t\t\t\t\t\t<div class=\"tb-column-inner tf_box tf_w\">\n\t\t\t\t\t\t<div  data-lazy=\"1\" class=\"module_subrow themify_builder_sub_row tb_16cs110 tf_w tf_clearfix\">\n\t\t\t\t\t<div class=\"subrow_inner col_align_middle gutter-none tb_col_count_2 tf_box tf_w\">\n\t\t\t\t\t<div  data-lazy=\"1\" class=\"module_column sub_column tb_n3g8110 first\">\n\t\t\t\t\t\t\t\t\t<div class=\"tb-column-inner tf_box tf_w\">\n\t\t\t\t<!-- module image -->\n<div  class=\"module module-image tb_yuum110 drop-shadow  image-left auto_fullwidth tf_mw\" data-lazy=\"1\">\n        <div class=\"image-wrap tf_rel tf_mw\">\n\t\t    <img loading=\"lazy\" decoding=\"async\" width=\"742\" height=\"687\" src=\"https:\/\/www.the-voice-of-freedom.com\/wordpress\/wp-content\/uploads\/2026\/04\/Khalid.pic_-scaled-e1775208369634.jpg\" class=\"wp-post-image wp-image-5312\" title=\"Khalid.pic\" alt=\"Khalid.pic\" srcset=\"https:\/\/www.the-voice-of-freedom.com\/wordpress\/wp-content\/uploads\/2026\/04\/Khalid.pic_-scaled-e1775208369634.jpg 742w, https:\/\/www.the-voice-of-freedom.com\/wordpress\/wp-content\/uploads\/2026\/04\/Khalid.pic_-scaled-e1775208369634-300x278.jpg 300w\" sizes=\"auto, (max-width: 742px) 100vw, 742px\" \/>\t\n\t\t<\/div>\n\t<!-- \/image-wrap -->\n    \n    \t<\/div>\n<!-- \/module image -->\t\t\t\t<\/div><!-- .tb-column-inner -->\n\t\t\t\t\t\t<\/div><!-- .module_column -->\n\t\t\t\t\t<div  data-lazy=\"1\" class=\"module_column sub_column tb_1ht2111 last\">\n\t\t\t\t\t\t\t\t\t<div class=\"tb-column-inner tf_box tf_w\">\n\t\t\t\t<!-- module text -->\n<div  class=\"module module-text tb_mqna111  repeat \" data-lazy=\"1\">\n        <div  class=\"tb_text_wrap\">\n    <h3>Khalid McGhee est le chef de ch\u0153ur de The Voice Of Freedom depuis Mars 2026.<\/h3>\n<p>Artiste multidisciplinaire am\u00e9ricain install\u00e9 \u00e0 Paris, Khalid McGhee travaille comme chef de chant, chef de ch\u0153ur, coach vocal et pianiste.<\/p>\n<p>Classique, jazz, com\u00e9die musicale, gospel ?<\/p>\n<blockquote>\n<p>Oui, et souvent tout \u00e0 la fois!<\/p>\n<p>Il se d\u00e9finit lui-m\u00eame comme un musicien curieux qui aime naviguer entre les styles plut\u00f4t que de<br>choisir un seul chemin.<\/p>\n<\/blockquote>\n<p>Form\u00e9 tr\u00e8s jeune au piano et au violon gr\u00e2ce au programme El Sistema, il \u00e9tudie \u00e9galement le chant avec l\u2019Opera Theater of Saint Louis avant de poursuivre sa formation artistique \u00e0 la Central Visual and Performing Arts High School.<\/p>\n<p>Mais son \u00e9cole la plus vivante reste aussi l\u2019\u00e9glise afro-am\u00e9ricaine de Saint-Louis, Shalom Church City of Peace, ainsi que le Gospel Symphonic Choir, o\u00f9 il grandit musicalement entre piano, chant et esprit de communaut\u00e9.<\/p>\n<p>Dipl\u00f4m\u00e9 en direction de chant de l\u2019\u00c9cole Normale de Musique de Paris Alfred Cortot, laur\u00e9at du Fulbright Program et actuellement Artist-in-Residence \u00e0 la Fondation des \u00c9tats-Unis, il d\u00e9veloppe des projets qui cr\u00e9ent des passerelles entre les mondes musicaux.<\/p>\n<h3>\u00a0<\/h3>    <\/div>\n<\/div>\n<!-- \/module text -->\t\t\t\t<\/div><!-- .tb-column-inner -->\n\t\t\t\t\t\t<\/div><!-- .module_column -->\n\t\t\t\t\t\t<\/div><!-- .subrow_inner -->\n\t\t<\/div><!-- .themify_builder_sub_row -->\n\t\t\t\t\t\t<div  data-lazy=\"1\" class=\"module_subrow themify_builder_sub_row tb_hrc6117 tf_w tf_clearfix\">\n\t\t\t\t\t<div class=\"subrow_inner col_align_middle gutter-none tb_col_count_2 tf_box tf_w\">\n\t\t\t\t\t<div  data-lazy=\"1\" class=\"module_column sub_column tb_tto8117 first\">\n\t\t\t\t\t\t\t\t\t<div class=\"tb-column-inner tf_box tf_w\">\n\t\t\t\t<!-- module text -->\n<div  class=\"module module-text tb_uvvx117  repeat \" data-lazy=\"1\">\n        <div  class=\"tb_text_wrap\">\n    <h3>Son id\u00e9e ?<\/h3>\n<blockquote>\n<p>D\u00e9cloisonner les genres, m\u00e9langer les traditions et faire dialoguer les publics !<\/p>\n<\/blockquote>\n<p>Chef de chant, pianiste, arrangeur, p\u00e9dagogue ? L\u00e0 aussi : un peu tout \u00e7a.<\/p>\n<p>Ce qu\u2019il pr\u00e9f\u00e8re avant tout reste le travail avec les voix et l\u2019\u00e9nergie unique qui na\u00eet quand un groupe chante et respire ensemble.<\/p>\n<p>En dehors de la musique ?<\/p>\n<p>Khalid aime apprendre les langues (il en parle cinq !), d\u00e9couvrir de nouvelles cuisines, jouer du ping pong et rester curieux de tout ce qui nourrit la cr\u00e9ativit\u00e9.<\/p>\n<p>Avec The Voice of Freedom, il souhaite \u00ab\u00a0cultiver l\u2019\u00e9nergie du gospel et des spirituals tout en poussant le ch\u0153ur \u00e0\u00a0 explorer toute la puissance et la couleur de son son\u00a0\u00bb.<\/p>\n<p>Tout un programme dont nous nous r\u00e9jouissons d&rsquo;avance !!<\/p>    <\/div>\n<\/div>\n<!-- \/module text -->\t\t\t\t<\/div><!-- .tb-column-inner -->\n\t\t\t\t\t\t<\/div><!-- .module_column -->\n\t\t\t\t\t<div  data-lazy=\"1\" class=\"module_column sub_column tb_zex0117 last\">\n\t\t\t\t\t\t\t\t\t<div class=\"tb-column-inner tf_box tf_w\">\n\t\t\t\t<!-- module image -->\n<div  class=\"module module-image tb_1zm7117 drop-shadow  image-top auto_fullwidth tf_mw\" data-lazy=\"1\">\n        <div class=\"image-wrap tf_rel tf_mw\">\n\t\t    <img loading=\"lazy\" decoding=\"async\" width=\"2560\" height=\"1922\" src=\"https:\/\/www.the-voice-of-freedom.com\/wordpress\/wp-content\/uploads\/2026\/04\/Khalid.pic_.2-scaled.jpg\" class=\"wp-post-image wp-image-5313\" title=\"Khalid.pic.2\" alt=\"Khalid.pic.2\" srcset=\"https:\/\/www.the-voice-of-freedom.com\/wordpress\/wp-content\/uploads\/2026\/04\/Khalid.pic_.2-scaled.jpg 2560w, https:\/\/www.the-voice-of-freedom.com\/wordpress\/wp-content\/uploads\/2026\/04\/Khalid.pic_.2-1024x769-300x225.jpg 300w, https:\/\/www.the-voice-of-freedom.com\/wordpress\/wp-content\/uploads\/2026\/04\/Khalid.pic_.2-1024x769.jpg 1024w, https:\/\/www.the-voice-of-freedom.com\/wordpress\/wp-content\/uploads\/2026\/04\/Khalid.pic_.2-1536x1153.jpg 1536w, https:\/\/www.the-voice-of-freedom.com\/wordpress\/wp-content\/uploads\/2026\/04\/Khalid.pic_.2-2048x1538.jpg 2048w, https:\/\/www.the-voice-of-freedom.com\/wordpress\/wp-content\/uploads\/2026\/04\/Khalid.pic_.2-1024x769-150x112.jpg 150w, https:\/\/www.the-voice-of-freedom.com\/wordpress\/wp-content\/uploads\/2026\/04\/Khalid.pic_.2-1024x769-199x150.jpg 199w, https:\/\/www.the-voice-of-freedom.com\/wordpress\/wp-content\/uploads\/2026\/04\/Khalid.pic_.2-1024x769-33x25.jpg 33w, https:\/\/www.the-voice-of-freedom.com\/wordpress\/wp-content\/uploads\/2026\/04\/Khalid.pic_.2-1024x769-600x450.jpg 600w, https:\/\/www.the-voice-of-freedom.com\/wordpress\/wp-content\/uploads\/2026\/04\/Khalid.pic_.2-1024x769-665x500.jpg 665w, https:\/\/www.the-voice-of-freedom.com\/wordpress\/wp-content\/uploads\/2026\/04\/Khalid.pic_.2-1024x769-800x600.jpg 800w\" sizes=\"auto, (max-width: 2560px) 100vw, 2560px\" \/>\t\n\t\t<\/div>\n\t<!-- \/image-wrap -->\n    \n    \t<\/div>\n<!-- \/module image -->\t\t\t\t<\/div><!-- .tb-column-inner -->\n\t\t\t\t\t\t<\/div><!-- .module_column -->\n\t\t\t\t\t\t<\/div><!-- .subrow_inner -->\n\t\t<\/div><!-- .themify_builder_sub_row -->\n\t\t\t\t\t\t\t\t<\/div><!-- .tb-column-inner -->\n\t\t\t\t\t\t<\/div><!-- .module_column -->\n\t\t\t\t\t\t<\/div><!-- .row_inner -->\n\t\t<\/div><!-- .module_row -->\n\t\t\t\t\t\t\t\t<!-- module_row -->\n\t\t<div  data-lazy=\"1\" class=\"module_row themify_builder_row tb_8bt4298 tf_w tf_clearfix\">\n\t\t\t\t\t<div class=\"row_inner col_align_top tb_col_count_1 tf_box tf_rel\">\n\t\t\t\t\t<div  data-lazy=\"1\" class=\"module_column tb-column col-full tb_dicy298 first\">\n\t\t\t\t\t\t\t\t\t<div class=\"tb-column-inner tf_box tf_w\">\n\t\t\t\t<!-- module image -->\n<div  class=\"module module-image tb_ei3y58   image-center auto_fullwidth tf_mw\" data-lazy=\"1\">\n        <div class=\"image-wrap tf_rel tf_mw\">\n\t\t    <img loading=\"lazy\" decoding=\"async\" width=\"2560\" height=\"1164\" src=\"https:\/\/www.the-voice-of-freedom.com\/wordpress\/wp-content\/uploads\/2026\/04\/IMG_6590-1-scaled.jpg\" class=\"wp-post-image wp-image-5338\" title=\"IMG_6590\" alt=\"IMG_6590\" srcset=\"https:\/\/www.the-voice-of-freedom.com\/wordpress\/wp-content\/uploads\/2026\/04\/IMG_6590-1-scaled.jpg 2560w, https:\/\/www.the-voice-of-freedom.com\/wordpress\/wp-content\/uploads\/2026\/04\/IMG_6590-1-300x136.jpg 300w, https:\/\/www.the-voice-of-freedom.com\/wordpress\/wp-content\/uploads\/2026\/04\/IMG_6590-1-1024x466.jpg 1024w, https:\/\/www.the-voice-of-freedom.com\/wordpress\/wp-content\/uploads\/2026\/04\/IMG_6590-1-1536x699.jpg 1536w, https:\/\/www.the-voice-of-freedom.com\/wordpress\/wp-content\/uploads\/2026\/04\/IMG_6590-1-2048x931.jpg 2048w\" sizes=\"auto, (max-width: 2560px) 100vw, 2560px\" \/>\t\n\t\t<\/div>\n\t<!-- \/image-wrap -->\n    \n    \t<\/div>\n<!-- \/module image -->\t\t\t\t<\/div><!-- .tb-column-inner -->\n\t\t\t\t\t\t<\/div><!-- .module_column -->\n\t\t\t\t\t\t<\/div><!-- .row_inner -->\n\t\t<\/div><!-- .module_row -->\n\t\t\t\t\t\t\t\t<!-- module_row -->\n\t\t<div  data-lazy=\"1\" class=\"module_row themify_builder_row tb_c88r982 tf_w tf_clearfix\">\n\t\t\t\t\t<div class=\"row_inner col_align_top tb_col_count_1 tf_box tf_rel\">\n\t\t\t\t\t<div  data-lazy=\"1\" class=\"module_column tb-column col-full tb_0y01983 first\">\n\t\t\t\t\t\t\t<\/div><!-- .module_column -->\n\t\t\t\t\t\t<\/div><!-- .row_inner -->\n\t\t<\/div><!-- .module_row -->\n\t\t\t\t<\/div>\n<!--\/themify_builder_content-->\n\n\n<p>Pour en savoir plus sur les spirituals et le gospel, visitez notre page :&nbsp;<strong><a href=\"https:\/\/www.the-voice-of-freedom.com\/wordpress\/les-negro-spirituals-le-gospel\/\">Les Negro Spirituals &amp; Le Gospel<\/a><\/strong><\/p>\n\n\n\n<p>Vous r\u00eavez d\u2019int\u00e9grer notre choeur ? Pourquoi ne pas tenter l\u2019aventure :&nbsp;<strong><a href=\"https:\/\/www.the-voice-of-freedom.com\/wordpress\/auditions\/\">Nous rejoindre<\/a><\/strong><\/p>\n\n\n\n<p>Enfin, pour mieux connaitre notre chorale The Voice Of Freedom, un peu d\u2019histoire :&nbsp;<strong><a href=\"https:\/\/www.the-voice-of-freedom.com\/wordpress\/histoire-de-la-chorale\/\">Histoire de la chorale The Voice of Freedom<\/a><\/strong><\/p>\n\n\n\n<pre style=\"display:none\"\n class=\"wp-block-preformatted\">Khalid McGhee est le chef de ch\u0153ur de The Voice Of Freedom depuis Mars 2026.<br><br>Artiste multidisciplinaire am\u00e9ricain install\u00e9 \u00e0 Paris, Khalid McGhee travaille comme chef de chant, chef de ch\u0153ur, coach vocal et pianiste.<br><br>Classique, jazz, com\u00e9die musicale, gospel ?<br><br>Oui, et souvent tout \u00e0 la fois!<br><br>Il se d\u00e9finit lui-m\u00eame comme un musicien curieux qui aime naviguer entre les styles plut\u00f4t que de<br>choisir un seul chemin.<br><br>Form\u00e9 tr\u00e8s jeune au piano et au violon gr\u00e2ce au programme El Sistema, il \u00e9tudie \u00e9galement le chant avec l\u2019Opera Theater of Saint Louis avant de poursuivre sa formation artistique \u00e0 la Central Visual and Performing Arts High School.<br><br>Mais son \u00e9cole la plus vivante reste aussi l\u2019\u00e9glise afro-am\u00e9ricaine de Saint-Louis, Shalom Church City of Peace, ainsi que le Gospel Symphonic Choir, o\u00f9 il grandit musicalement entre piano, chant et esprit de communaut\u00e9.<br><br>Dipl\u00f4m\u00e9 en direction de chant de l\u2019\u00c9cole Normale de Musique de Paris Alfred Cortot, laur\u00e9at du Fulbright Program et actuellement Artist-in-Residence \u00e0 la Fondation des \u00c9tats-Unis, il d\u00e9veloppe des projets qui cr\u00e9ent des passerelles entre les mondes musicaux.<\/pre>\n\n\n\n<p><\/p>","protected":false},"excerpt":{"rendered":"<p>Pour en savoir plus sur les spirituals et le gospel, visitez notre page :&nbsp;Les Negro Spirituals &amp; Le Gospel Vous r\u00eavez d\u2019int\u00e9grer notre choeur ? Pourquoi ne pas tenter l\u2019aventure :&nbsp;Nous rejoindre Enfin, pour mieux connaitre notre chorale The Voice Of Freedom, un peu d\u2019histoire :&nbsp;Histoire de la chorale The Voice of Freedom Khalid McGhee [&hellip;]<\/p>\n","protected":false},"author":5,"featured_media":0,"parent":0,"menu_order":0,"comment_status":"closed","ping_status":"closed","template":"","meta":{"footnotes":""},"class_list":["post-5319","page","type-page","status-publish","hentry","has-post-title","has-post-date","has-post-category","has-post-tag","has-post-comment","has-post-author",""],"yoast_head":"<!-- This site is optimized with the Yoast SEO plugin v27.3 - https:\/\/yoast.com\/product\/yoast-seo-wordpress\/ -->\n<title>Khalid McGhee, Chef de ch\u0153ur - The Voice of Freedom<\/title>\n<meta name=\"description\" content=\"Khalid McGhee est le chef de choeur de The Voice of Freedom (Mars 2026). Artiste complet, il apporte toute son expertise Spirituals et Gospel.\" \/>\n<meta name=\"robots\" content=\"index, follow, max-snippet:-1, max-image-preview:large, max-video-preview:-1\" \/>\n<link rel=\"canonical\" href=\"https:\/\/www.the-voice-of-freedom.com\/wordpress\/khalid-mcghee-chef-de-choeur\/\" \/>\n<meta property=\"og:locale\" content=\"fr_FR\" \/>\n<meta property=\"og:type\" content=\"article\" \/>\n<meta property=\"og:title\" content=\"Khalid McGhee, Chef de ch\u0153ur - The Voice of Freedom\" \/>\n<meta property=\"og:description\" content=\"Khalid McGhee est le chef de choeur de The Voice of Freedom (Mars 2026). Artiste complet, il apporte toute son expertise Spirituals et Gospel.\" \/>\n<meta property=\"og:url\" content=\"https:\/\/www.the-voice-of-freedom.com\/wordpress\/khalid-mcghee-chef-de-choeur\/\" \/>\n<meta property=\"og:site_name\" content=\"The Voice of Freedom\" \/>\n<meta property=\"article:modified_time\" content=\"2026-04-09T09:42:17+00:00\" \/>\n<meta name=\"twitter:card\" content=\"summary_large_image\" \/>\n<meta name=\"twitter:label1\" content=\"Dur\u00e9e de lecture estim\u00e9e\" \/>\n\t<meta name=\"twitter:data1\" content=\"3 minutes\" \/>\n<script type=\"application\/ld+json\" class=\"yoast-schema-graph\">{\"@context\":\"https:\\\/\\\/schema.org\",\"@graph\":[{\"@type\":\"WebPage\",\"@id\":\"https:\\\/\\\/www.the-voice-of-freedom.com\\\/wordpress\\\/khalid-mcghee-chef-de-choeur\\\/\",\"url\":\"https:\\\/\\\/www.the-voice-of-freedom.com\\\/wordpress\\\/khalid-mcghee-chef-de-choeur\\\/\",\"name\":\"Khalid McGhee, Chef de ch\u0153ur - The Voice of Freedom\",\"isPartOf\":{\"@id\":\"https:\\\/\\\/www.the-voice-of-freedom.com\\\/wordpress\\\/#website\"},\"datePublished\":\"2026-04-03T12:25:25+00:00\",\"dateModified\":\"2026-04-09T09:42:17+00:00\",\"description\":\"Khalid McGhee est le chef de choeur de The Voice of Freedom (Mars 2026). Artiste complet, il apporte toute son expertise Spirituals et Gospel.\",\"breadcrumb\":{\"@id\":\"https:\\\/\\\/www.the-voice-of-freedom.com\\\/wordpress\\\/khalid-mcghee-chef-de-choeur\\\/#breadcrumb\"},\"inLanguage\":\"fr-FR\",\"potentialAction\":[{\"@type\":\"ReadAction\",\"target\":[\"https:\\\/\\\/www.the-voice-of-freedom.com\\\/wordpress\\\/khalid-mcghee-chef-de-choeur\\\/\"]}]},{\"@type\":\"BreadcrumbList\",\"@id\":\"https:\\\/\\\/www.the-voice-of-freedom.com\\\/wordpress\\\/khalid-mcghee-chef-de-choeur\\\/#breadcrumb\",\"itemListElement\":[{\"@type\":\"ListItem\",\"position\":1,\"name\":\"Accueil\",\"item\":\"https:\\\/\\\/www.the-voice-of-freedom.com\\\/wordpress\\\/\"},{\"@type\":\"ListItem\",\"position\":2,\"name\":\"Khalid McGhee, Chef de ch\u0153ur\"}]},{\"@type\":\"WebSite\",\"@id\":\"https:\\\/\\\/www.the-voice-of-freedom.com\\\/wordpress\\\/#website\",\"url\":\"https:\\\/\\\/www.the-voice-of-freedom.com\\\/wordpress\\\/\",\"name\":\"The Voice of Freedom\",\"description\":\"Chorale parisienne de Negro Spirituals et Gospel\",\"publisher\":{\"@id\":\"https:\\\/\\\/www.the-voice-of-freedom.com\\\/wordpress\\\/#organization\"},\"potentialAction\":[{\"@type\":\"SearchAction\",\"target\":{\"@type\":\"EntryPoint\",\"urlTemplate\":\"https:\\\/\\\/www.the-voice-of-freedom.com\\\/wordpress\\\/?s={search_term_string}\"},\"query-input\":{\"@type\":\"PropertyValueSpecification\",\"valueRequired\":true,\"valueName\":\"search_term_string\"}}],\"inLanguage\":\"fr-FR\"},{\"@type\":\"Organization\",\"@id\":\"https:\\\/\\\/www.the-voice-of-freedom.com\\\/wordpress\\\/#organization\",\"name\":\"The Voice Of Freedom\",\"url\":\"https:\\\/\\\/www.the-voice-of-freedom.com\\\/wordpress\\\/\",\"logo\":{\"@type\":\"ImageObject\",\"inLanguage\":\"fr-FR\",\"@id\":\"https:\\\/\\\/www.the-voice-of-freedom.com\\\/wordpress\\\/#\\\/schema\\\/logo\\\/image\\\/\",\"url\":\"https:\\\/\\\/www.the-voice-of-freedom.com\\\/wordpress\\\/wp-content\\\/uploads\\\/2017\\\/03\\\/logo-vof.png\",\"contentUrl\":\"https:\\\/\\\/www.the-voice-of-freedom.com\\\/wordpress\\\/wp-content\\\/uploads\\\/2017\\\/03\\\/logo-vof.png\",\"width\":134,\"height\":75,\"caption\":\"The Voice Of Freedom\"},\"image\":{\"@id\":\"https:\\\/\\\/www.the-voice-of-freedom.com\\\/wordpress\\\/#\\\/schema\\\/logo\\\/image\\\/\"}}]}<\/script>\n<!-- \/ Yoast SEO plugin. -->","yoast_head_json":{"title":"Khalid McGhee, Chef de ch\u0153ur - The Voice of Freedom","description":"Khalid McGhee est le chef de choeur de The Voice of Freedom (Mars 2026). Artiste complet, il apporte toute son expertise Spirituals et Gospel.","robots":{"index":"index","follow":"follow","max-snippet":"max-snippet:-1","max-image-preview":"max-image-preview:large","max-video-preview":"max-video-preview:-1"},"canonical":"https:\/\/www.the-voice-of-freedom.com\/wordpress\/khalid-mcghee-chef-de-choeur\/","og_locale":"fr_FR","og_type":"article","og_title":"Khalid McGhee, Chef de ch\u0153ur - The Voice of Freedom","og_description":"Khalid McGhee est le chef de choeur de The Voice of Freedom (Mars 2026). Artiste complet, il apporte toute son expertise Spirituals et Gospel.","og_url":"https:\/\/www.the-voice-of-freedom.com\/wordpress\/khalid-mcghee-chef-de-choeur\/","og_site_name":"The Voice of Freedom","article_modified_time":"2026-04-09T09:42:17+00:00","twitter_card":"summary_large_image","twitter_misc":{"Dur\u00e9e de lecture estim\u00e9e":"3 minutes"},"schema":{"@context":"https:\/\/schema.org","@graph":[{"@type":"WebPage","@id":"https:\/\/www.the-voice-of-freedom.com\/wordpress\/khalid-mcghee-chef-de-choeur\/","url":"https:\/\/www.the-voice-of-freedom.com\/wordpress\/khalid-mcghee-chef-de-choeur\/","name":"Khalid McGhee, Chef de ch\u0153ur - The Voice of Freedom","isPartOf":{"@id":"https:\/\/www.the-voice-of-freedom.com\/wordpress\/#website"},"datePublished":"2026-04-03T12:25:25+00:00","dateModified":"2026-04-09T09:42:17+00:00","description":"Khalid McGhee est le chef de choeur de The Voice of Freedom (Mars 2026). Artiste complet, il apporte toute son expertise Spirituals et Gospel.","breadcrumb":{"@id":"https:\/\/www.the-voice-of-freedom.com\/wordpress\/khalid-mcghee-chef-de-choeur\/#breadcrumb"},"inLanguage":"fr-FR","potentialAction":[{"@type":"ReadAction","target":["https:\/\/www.the-voice-of-freedom.com\/wordpress\/khalid-mcghee-chef-de-choeur\/"]}]},{"@type":"BreadcrumbList","@id":"https:\/\/www.the-voice-of-freedom.com\/wordpress\/khalid-mcghee-chef-de-choeur\/#breadcrumb","itemListElement":[{"@type":"ListItem","position":1,"name":"Accueil","item":"https:\/\/www.the-voice-of-freedom.com\/wordpress\/"},{"@type":"ListItem","position":2,"name":"Khalid McGhee, Chef de ch\u0153ur"}]},{"@type":"WebSite","@id":"https:\/\/www.the-voice-of-freedom.com\/wordpress\/#website","url":"https:\/\/www.the-voice-of-freedom.com\/wordpress\/","name":"The Voice of Freedom","description":"Chorale parisienne de Negro Spirituals et Gospel","publisher":{"@id":"https:\/\/www.the-voice-of-freedom.com\/wordpress\/#organization"},"potentialAction":[{"@type":"SearchAction","target":{"@type":"EntryPoint","urlTemplate":"https:\/\/www.the-voice-of-freedom.com\/wordpress\/?s={search_term_string}"},"query-input":{"@type":"PropertyValueSpecification","valueRequired":true,"valueName":"search_term_string"}}],"inLanguage":"fr-FR"},{"@type":"Organization","@id":"https:\/\/www.the-voice-of-freedom.com\/wordpress\/#organization","name":"The Voice Of Freedom","url":"https:\/\/www.the-voice-of-freedom.com\/wordpress\/","logo":{"@type":"ImageObject","inLanguage":"fr-FR","@id":"https:\/\/www.the-voice-of-freedom.com\/wordpress\/#\/schema\/logo\/image\/","url":"https:\/\/www.the-voice-of-freedom.com\/wordpress\/wp-content\/uploads\/2017\/03\/logo-vof.png","contentUrl":"https:\/\/www.the-voice-of-freedom.com\/wordpress\/wp-content\/uploads\/2017\/03\/logo-vof.png","width":134,"height":75,"caption":"The Voice Of Freedom"},"image":{"@id":"https:\/\/www.the-voice-of-freedom.com\/wordpress\/#\/schema\/logo\/image\/"}}]}},"builder_content":"<img src=\"https:\/\/www.the-voice-of-freedom.com\/wordpress\/wp-content\/uploads\/2026\/04\/Khalid.pic_-scaled-e1775208369634.jpg\" title=\"Khalid.pic\" alt=\"Khalid.pic\" srcset=\"https:\/\/www.the-voice-of-freedom.com\/wordpress\/wp-content\/uploads\/2026\/04\/Khalid.pic_-scaled-e1775208369634.jpg 742w, https:\/\/www.the-voice-of-freedom.com\/wordpress\/wp-content\/uploads\/2026\/04\/Khalid.pic_-scaled-e1775208369634-300x278.jpg 300w\" sizes=\"(max-width: 742px) 100vw, 742px\" \/>\n<h3>Khalid McGhee est le chef de ch\u0153ur de The Voice Of Freedom depuis Mars 2026.<\/h3> <p>Artiste multidisciplinaire am\u00e9ricain install\u00e9 \u00e0 Paris, Khalid McGhee travaille comme chef de chant, chef de ch\u0153ur, coach vocal et pianiste.<\/p> <p>Classique, jazz, com\u00e9die musicale, gospel ?<\/p> <blockquote> <p>Oui, et souvent tout \u00e0 la fois!<\/p> <p>Il se d\u00e9finit lui-m\u00eame comme un musicien curieux qui aime naviguer entre les styles plut\u00f4t que de<br>choisir un seul chemin.<\/p> <\/blockquote> <p>Form\u00e9 tr\u00e8s jeune au piano et au violon gr\u00e2ce au programme El Sistema, il \u00e9tudie \u00e9galement le chant avec l\u2019Opera Theater of Saint Louis avant de poursuivre sa formation artistique \u00e0 la Central Visual and Performing Arts High School.<\/p> <p>Mais son \u00e9cole la plus vivante reste aussi l\u2019\u00e9glise afro-am\u00e9ricaine de Saint-Louis, Shalom Church City of Peace, ainsi que le Gospel Symphonic Choir, o\u00f9 il grandit musicalement entre piano, chant et esprit de communaut\u00e9.<\/p> <p>Dipl\u00f4m\u00e9 en direction de chant de l\u2019\u00c9cole Normale de Musique de Paris Alfred Cortot, laur\u00e9at du Fulbright Program et actuellement Artist-in-Residence \u00e0 la Fondation des \u00c9tats-Unis, il d\u00e9veloppe des projets qui cr\u00e9ent des passerelles entre les mondes musicaux.<\/p> <h3>\u00a0<\/h3>\n<h3>Son id\u00e9e ?<\/h3> <blockquote> <p>D\u00e9cloisonner les genres, m\u00e9langer les traditions et faire dialoguer les publics !<\/p> <\/blockquote> <p>Chef de chant, pianiste, arrangeur, p\u00e9dagogue ? L\u00e0 aussi : un peu tout \u00e7a.<\/p> <p>Ce qu\u2019il pr\u00e9f\u00e8re avant tout reste le travail avec les voix et l\u2019\u00e9nergie unique qui na\u00eet quand un groupe chante et respire ensemble.<\/p> <p>En dehors de la musique ?<\/p> <p>Khalid aime apprendre les langues (il en parle cinq !), d\u00e9couvrir de nouvelles cuisines, jouer du ping pong et rester curieux de tout ce qui nourrit la cr\u00e9ativit\u00e9.<\/p> <p>Avec The Voice of Freedom, il souhaite \"cultiver l\u2019\u00e9nergie du gospel et des spirituals tout en poussant le ch\u0153ur \u00e0\u00a0 explorer toute la puissance et la couleur de son son\".<\/p> <p>Tout un programme dont nous nous r\u00e9jouissons d'avance !!<\/p>\n<img src=\"https:\/\/www.the-voice-of-freedom.com\/wordpress\/wp-content\/uploads\/2026\/04\/Khalid.pic_.2-scaled.jpg\" title=\"Khalid.pic.2\" alt=\"Khalid.pic.2\" srcset=\"https:\/\/www.the-voice-of-freedom.com\/wordpress\/wp-content\/uploads\/2026\/04\/Khalid.pic_.2-scaled.jpg 2560w, https:\/\/www.the-voice-of-freedom.com\/wordpress\/wp-content\/uploads\/2026\/04\/Khalid.pic_.2-1024x769-300x225.jpg 300w, https:\/\/www.the-voice-of-freedom.com\/wordpress\/wp-content\/uploads\/2026\/04\/Khalid.pic_.2-1024x769.jpg 1024w, https:\/\/www.the-voice-of-freedom.com\/wordpress\/wp-content\/uploads\/2026\/04\/Khalid.pic_.2-1536x1153.jpg 1536w, https:\/\/www.the-voice-of-freedom.com\/wordpress\/wp-content\/uploads\/2026\/04\/Khalid.pic_.2-2048x1538.jpg 2048w, https:\/\/www.the-voice-of-freedom.com\/wordpress\/wp-content\/uploads\/2026\/04\/Khalid.pic_.2-1024x769-150x112.jpg 150w, https:\/\/www.the-voice-of-freedom.com\/wordpress\/wp-content\/uploads\/2026\/04\/Khalid.pic_.2-1024x769-199x150.jpg 199w, https:\/\/www.the-voice-of-freedom.com\/wordpress\/wp-content\/uploads\/2026\/04\/Khalid.pic_.2-1024x769-33x25.jpg 33w, https:\/\/www.the-voice-of-freedom.com\/wordpress\/wp-content\/uploads\/2026\/04\/Khalid.pic_.2-1024x769-600x450.jpg 600w, https:\/\/www.the-voice-of-freedom.com\/wordpress\/wp-content\/uploads\/2026\/04\/Khalid.pic_.2-1024x769-665x500.jpg 665w, https:\/\/www.the-voice-of-freedom.com\/wordpress\/wp-content\/uploads\/2026\/04\/Khalid.pic_.2-1024x769-800x600.jpg 800w\" sizes=\"(max-width: 2560px) 100vw, 2560px\" \/>\n<img src=\"https:\/\/www.the-voice-of-freedom.com\/wordpress\/wp-content\/uploads\/2026\/04\/IMG_6590-1-scaled.jpg\" title=\"IMG_6590\" alt=\"IMG_6590\" srcset=\"https:\/\/www.the-voice-of-freedom.com\/wordpress\/wp-content\/uploads\/2026\/04\/IMG_6590-1-scaled.jpg 2560w, https:\/\/www.the-voice-of-freedom.com\/wordpress\/wp-content\/uploads\/2026\/04\/IMG_6590-1-300x136.jpg 300w, https:\/\/www.the-voice-of-freedom.com\/wordpress\/wp-content\/uploads\/2026\/04\/IMG_6590-1-1024x466.jpg 1024w, https:\/\/www.the-voice-of-freedom.com\/wordpress\/wp-content\/uploads\/2026\/04\/IMG_6590-1-1536x699.jpg 1536w, https:\/\/www.the-voice-of-freedom.com\/wordpress\/wp-content\/uploads\/2026\/04\/IMG_6590-1-2048x931.jpg 2048w\" sizes=\"(max-width: 2560px) 100vw, 2560px\" \/>","_links":{"self":[{"href":"https:\/\/www.the-voice-of-freedom.com\/wordpress\/wp-json\/wp\/v2\/pages\/5319","targetHints":{"allow":["GET"]}}],"collection":[{"href":"https:\/\/www.the-voice-of-freedom.com\/wordpress\/wp-json\/wp\/v2\/pages"}],"about":[{"href":"https:\/\/www.the-voice-of-freedom.com\/wordpress\/wp-json\/wp\/v2\/types\/page"}],"author":[{"embeddable":true,"href":"https:\/\/www.the-voice-of-freedom.com\/wordpress\/wp-json\/wp\/v2\/users\/5"}],"replies":[{"embeddable":true,"href":"https:\/\/www.the-voice-of-freedom.com\/wordpress\/wp-json\/wp\/v2\/comments?post=5319"}],"version-history":[{"count":45,"href":"https:\/\/www.the-voice-of-freedom.com\/wordpress\/wp-json\/wp\/v2\/pages\/5319\/revisions"}],"predecessor-version":[{"id":5472,"href":"https:\/\/www.the-voice-of-freedom.com\/wordpress\/wp-json\/wp\/v2\/pages\/5319\/revisions\/5472"}],"wp:attachment":[{"href":"https:\/\/www.the-voice-of-freedom.com\/wordpress\/wp-json\/wp\/v2\/media?parent=5319"}],"curies":[{"name":"wp","href":"https:\/\/api.w.org\/{rel}","templated":true}]}}