{"id":338,"date":"2012-09-22T15:26:56","date_gmt":"2012-09-22T13:26:56","guid":{"rendered":"http:\/\/www.the-voice-of-freedom.com\/wordpress\/?page_id=338"},"modified":"2026-04-03T20:59:56","modified_gmt":"2026-04-03T18:59:56","slug":"nouveau-choriste","status":"publish","type":"page","link":"https:\/\/www.the-voice-of-freedom.com\/wordpress\/nouveau-choriste\/","title":{"rendered":"Parcours d&rsquo;accueil du nouveau choriste"},"content":{"rendered":"<p style=\"text-align: justify;\">Tu as pass\u00e9 l&rsquo;audition avec succ\u00e8s ? Bravo !<br \/>Tu as d\u00fb faire la connaissance de <strong>ton chef de pupitre<\/strong> et commencer \u00e0 sympathiser avec quelques choristes. Mais comment \u00e7a se passe maintenant ? &#8230;<\/p>\n<ol>\n<li>Normalement tu as d\u00e9j\u00e0 pay\u00e9 ta cotisation aupr\u00e8s de notre tr\u00e9sorier. \ud83d\ude09<\/li>\n<li style=\"text-align: justify;\">Ensuite, tu prendras contact avec notre biblioth\u00e9caire pour recevoir un (lourd) lot de partitions \u00e0 la prochaine r\u00e9p\u00e9tition.<\/li>\n<li style=\"text-align: justify;\">Sur la partie priv\u00e9e de notre site web, tu trouveras la biblioth\u00e8que avec les guides audio qui nous aident \u00e0 apprendre les morceaux, ainsi que l&rsquo;annuaire des adh\u00e9rents. N&rsquo;oublie pas d&rsquo;envoyer ta photo au webmaster pour figurer dans le trombinoscope.<\/li>\n<li style=\"text-align: justify;\">Enfin, tu demanderas \u00e0 notre chef de ch\u0153ur de t&rsquo;ajouter \u00e0 sa liste de diffusion pour recevoir les programmes hebdomadaires par email.<\/li>\n<\/ol>\n<p>Te voil\u00e0 \u00e9quip\u00e9(e) pour chanter avec nous et pr\u00e9parer un prochain concert.<br \/>Et pour cela le chef de ch\u0153ur et ton chef de pupitre t&rsquo;aideront. \ud83d\ude42<\/p>\n<p style=\"text-align: center;\">\u00a0<\/p>\n<!--themify_builder_content-->\n<div id=\"themify_builder_content-338\" data-postid=\"338\" class=\"themify_builder_content themify_builder_content-338 themify_builder tf_clear\">\n    <\/div>\n<!--\/themify_builder_content-->","protected":false},"excerpt":{"rendered":"<p>Tu as pass\u00e9 l&rsquo;audition avec succ\u00e8s ? Bravo !Tu as d\u00fb faire la connaissance de ton chef de pupitre et commencer \u00e0 sympathiser avec quelques choristes. Mais comment \u00e7a se passe maintenant ? &#8230; Normalement tu as d\u00e9j\u00e0 pay\u00e9 ta cotisation aupr\u00e8s de notre tr\u00e9sorier. \ud83d\ude09 Ensuite, tu prendras contact avec notre biblioth\u00e9caire pour recevoir [&hellip;]<\/p>\n","protected":false},"author":1,"featured_media":0,"parent":0,"menu_order":0,"comment_status":"closed","ping_status":"closed","template":"","meta":{"footnotes":""},"class_list":["post-338","page","type-page","status-publish","hentry","has-post-title","has-post-date","has-post-category","has-post-tag","has-post-comment","has-post-author",""],"yoast_head":"<!-- This site is optimized with the Yoast SEO plugin v27.5 - https:\/\/yoast.com\/product\/yoast-seo-wordpress\/ -->\n<title>Parcours d&#039;accueil du nouveau choriste - The Voice of Freedom<\/title>\n<meta name=\"robots\" content=\"index, follow, max-snippet:-1, max-image-preview:large, max-video-preview:-1\" \/>\n<link rel=\"canonical\" href=\"https:\/\/www.the-voice-of-freedom.com\/wordpress\/nouveau-choriste\/\" \/>\n<meta property=\"og:locale\" content=\"fr_FR\" \/>\n<meta property=\"og:type\" content=\"article\" \/>\n<meta property=\"og:title\" content=\"Parcours d&#039;accueil du nouveau choriste - The Voice of Freedom\" \/>\n<meta property=\"og:description\" content=\"Tu as pass\u00e9 l&rsquo;audition avec succ\u00e8s ? Bravo !Tu as d\u00fb faire la connaissance de ton chef de pupitre et commencer \u00e0 sympathiser avec quelques choristes. Mais comment \u00e7a se passe maintenant ? &#8230; Normalement tu as d\u00e9j\u00e0 pay\u00e9 ta cotisation aupr\u00e8s de notre tr\u00e9sorier. \ud83d\ude09 Ensuite, tu prendras contact avec notre biblioth\u00e9caire pour recevoir [&hellip;]\" \/>\n<meta property=\"og:url\" content=\"https:\/\/www.the-voice-of-freedom.com\/wordpress\/nouveau-choriste\/\" \/>\n<meta property=\"og:site_name\" content=\"The Voice of Freedom\" \/>\n<meta property=\"article:modified_time\" content=\"2026-04-03T18:59:56+00:00\" \/>\n<meta name=\"twitter:card\" content=\"summary_large_image\" \/>\n<meta name=\"twitter:label1\" content=\"Dur\u00e9e de lecture estim\u00e9e\" \/>\n\t<meta name=\"twitter:data1\" content=\"1 minute\" \/>\n<script type=\"application\/ld+json\" class=\"yoast-schema-graph\">{\"@context\":\"https:\\\/\\\/schema.org\",\"@graph\":[{\"@type\":\"WebPage\",\"@id\":\"https:\\\/\\\/www.the-voice-of-freedom.com\\\/wordpress\\\/nouveau-choriste\\\/\",\"url\":\"https:\\\/\\\/www.the-voice-of-freedom.com\\\/wordpress\\\/nouveau-choriste\\\/\",\"name\":\"Parcours d'accueil du nouveau choriste - The Voice of Freedom\",\"isPartOf\":{\"@id\":\"https:\\\/\\\/www.the-voice-of-freedom.com\\\/wordpress\\\/#website\"},\"datePublished\":\"2012-09-22T13:26:56+00:00\",\"dateModified\":\"2026-04-03T18:59:56+00:00\",\"breadcrumb\":{\"@id\":\"https:\\\/\\\/www.the-voice-of-freedom.com\\\/wordpress\\\/nouveau-choriste\\\/#breadcrumb\"},\"inLanguage\":\"fr-FR\",\"potentialAction\":[{\"@type\":\"ReadAction\",\"target\":[\"https:\\\/\\\/www.the-voice-of-freedom.com\\\/wordpress\\\/nouveau-choriste\\\/\"]}]},{\"@type\":\"BreadcrumbList\",\"@id\":\"https:\\\/\\\/www.the-voice-of-freedom.com\\\/wordpress\\\/nouveau-choriste\\\/#breadcrumb\",\"itemListElement\":[{\"@type\":\"ListItem\",\"position\":1,\"name\":\"Accueil\",\"item\":\"https:\\\/\\\/www.the-voice-of-freedom.com\\\/wordpress\\\/\"},{\"@type\":\"ListItem\",\"position\":2,\"name\":\"Parcours d&rsquo;accueil du nouveau choriste\"}]},{\"@type\":\"WebSite\",\"@id\":\"https:\\\/\\\/www.the-voice-of-freedom.com\\\/wordpress\\\/#website\",\"url\":\"https:\\\/\\\/www.the-voice-of-freedom.com\\\/wordpress\\\/\",\"name\":\"The Voice of Freedom\",\"description\":\"Chorale parisienne de Negro Spirituals et Gospel\",\"publisher\":{\"@id\":\"https:\\\/\\\/www.the-voice-of-freedom.com\\\/wordpress\\\/#organization\"},\"potentialAction\":[{\"@type\":\"SearchAction\",\"target\":{\"@type\":\"EntryPoint\",\"urlTemplate\":\"https:\\\/\\\/www.the-voice-of-freedom.com\\\/wordpress\\\/?s={search_term_string}\"},\"query-input\":{\"@type\":\"PropertyValueSpecification\",\"valueRequired\":true,\"valueName\":\"search_term_string\"}}],\"inLanguage\":\"fr-FR\"},{\"@type\":\"Organization\",\"@id\":\"https:\\\/\\\/www.the-voice-of-freedom.com\\\/wordpress\\\/#organization\",\"name\":\"The Voice Of Freedom\",\"url\":\"https:\\\/\\\/www.the-voice-of-freedom.com\\\/wordpress\\\/\",\"logo\":{\"@type\":\"ImageObject\",\"inLanguage\":\"fr-FR\",\"@id\":\"https:\\\/\\\/www.the-voice-of-freedom.com\\\/wordpress\\\/#\\\/schema\\\/logo\\\/image\\\/\",\"url\":\"https:\\\/\\\/www.the-voice-of-freedom.com\\\/wordpress\\\/wp-content\\\/uploads\\\/2017\\\/03\\\/logo-vof.png\",\"contentUrl\":\"https:\\\/\\\/www.the-voice-of-freedom.com\\\/wordpress\\\/wp-content\\\/uploads\\\/2017\\\/03\\\/logo-vof.png\",\"width\":134,\"height\":75,\"caption\":\"The Voice Of Freedom\"},\"image\":{\"@id\":\"https:\\\/\\\/www.the-voice-of-freedom.com\\\/wordpress\\\/#\\\/schema\\\/logo\\\/image\\\/\"}}]}<\/script>\n<!-- \/ Yoast SEO plugin. -->","yoast_head_json":{"title":"Parcours d'accueil du nouveau choriste - The Voice of Freedom","robots":{"index":"index","follow":"follow","max-snippet":"max-snippet:-1","max-image-preview":"max-image-preview:large","max-video-preview":"max-video-preview:-1"},"canonical":"https:\/\/www.the-voice-of-freedom.com\/wordpress\/nouveau-choriste\/","og_locale":"fr_FR","og_type":"article","og_title":"Parcours d'accueil du nouveau choriste - The Voice of Freedom","og_description":"Tu as pass\u00e9 l&rsquo;audition avec succ\u00e8s ? Bravo !Tu as d\u00fb faire la connaissance de ton chef de pupitre et commencer \u00e0 sympathiser avec quelques choristes. Mais comment \u00e7a se passe maintenant ? &#8230; Normalement tu as d\u00e9j\u00e0 pay\u00e9 ta cotisation aupr\u00e8s de notre tr\u00e9sorier. \ud83d\ude09 Ensuite, tu prendras contact avec notre biblioth\u00e9caire pour recevoir [&hellip;]","og_url":"https:\/\/www.the-voice-of-freedom.com\/wordpress\/nouveau-choriste\/","og_site_name":"The Voice of Freedom","article_modified_time":"2026-04-03T18:59:56+00:00","twitter_card":"summary_large_image","twitter_misc":{"Dur\u00e9e de lecture estim\u00e9e":"1 minute"},"schema":{"@context":"https:\/\/schema.org","@graph":[{"@type":"WebPage","@id":"https:\/\/www.the-voice-of-freedom.com\/wordpress\/nouveau-choriste\/","url":"https:\/\/www.the-voice-of-freedom.com\/wordpress\/nouveau-choriste\/","name":"Parcours d'accueil du nouveau choriste - The Voice of Freedom","isPartOf":{"@id":"https:\/\/www.the-voice-of-freedom.com\/wordpress\/#website"},"datePublished":"2012-09-22T13:26:56+00:00","dateModified":"2026-04-03T18:59:56+00:00","breadcrumb":{"@id":"https:\/\/www.the-voice-of-freedom.com\/wordpress\/nouveau-choriste\/#breadcrumb"},"inLanguage":"fr-FR","potentialAction":[{"@type":"ReadAction","target":["https:\/\/www.the-voice-of-freedom.com\/wordpress\/nouveau-choriste\/"]}]},{"@type":"BreadcrumbList","@id":"https:\/\/www.the-voice-of-freedom.com\/wordpress\/nouveau-choriste\/#breadcrumb","itemListElement":[{"@type":"ListItem","position":1,"name":"Accueil","item":"https:\/\/www.the-voice-of-freedom.com\/wordpress\/"},{"@type":"ListItem","position":2,"name":"Parcours d&rsquo;accueil du nouveau choriste"}]},{"@type":"WebSite","@id":"https:\/\/www.the-voice-of-freedom.com\/wordpress\/#website","url":"https:\/\/www.the-voice-of-freedom.com\/wordpress\/","name":"The Voice of Freedom","description":"Chorale parisienne de Negro Spirituals et Gospel","publisher":{"@id":"https:\/\/www.the-voice-of-freedom.com\/wordpress\/#organization"},"potentialAction":[{"@type":"SearchAction","target":{"@type":"EntryPoint","urlTemplate":"https:\/\/www.the-voice-of-freedom.com\/wordpress\/?s={search_term_string}"},"query-input":{"@type":"PropertyValueSpecification","valueRequired":true,"valueName":"search_term_string"}}],"inLanguage":"fr-FR"},{"@type":"Organization","@id":"https:\/\/www.the-voice-of-freedom.com\/wordpress\/#organization","name":"The Voice Of Freedom","url":"https:\/\/www.the-voice-of-freedom.com\/wordpress\/","logo":{"@type":"ImageObject","inLanguage":"fr-FR","@id":"https:\/\/www.the-voice-of-freedom.com\/wordpress\/#\/schema\/logo\/image\/","url":"https:\/\/www.the-voice-of-freedom.com\/wordpress\/wp-content\/uploads\/2017\/03\/logo-vof.png","contentUrl":"https:\/\/www.the-voice-of-freedom.com\/wordpress\/wp-content\/uploads\/2017\/03\/logo-vof.png","width":134,"height":75,"caption":"The Voice Of Freedom"},"image":{"@id":"https:\/\/www.the-voice-of-freedom.com\/wordpress\/#\/schema\/logo\/image\/"}}]}},"builder_content":"","_links":{"self":[{"href":"https:\/\/www.the-voice-of-freedom.com\/wordpress\/wp-json\/wp\/v2\/pages\/338","targetHints":{"allow":["GET"]}}],"collection":[{"href":"https:\/\/www.the-voice-of-freedom.com\/wordpress\/wp-json\/wp\/v2\/pages"}],"about":[{"href":"https:\/\/www.the-voice-of-freedom.com\/wordpress\/wp-json\/wp\/v2\/types\/page"}],"author":[{"embeddable":true,"href":"https:\/\/www.the-voice-of-freedom.com\/wordpress\/wp-json\/wp\/v2\/users\/1"}],"replies":[{"embeddable":true,"href":"https:\/\/www.the-voice-of-freedom.com\/wordpress\/wp-json\/wp\/v2\/comments?post=338"}],"version-history":[{"count":21,"href":"https:\/\/www.the-voice-of-freedom.com\/wordpress\/wp-json\/wp\/v2\/pages\/338\/revisions"}],"predecessor-version":[{"id":5466,"href":"https:\/\/www.the-voice-of-freedom.com\/wordpress\/wp-json\/wp\/v2\/pages\/338\/revisions\/5466"}],"wp:attachment":[{"href":"https:\/\/www.the-voice-of-freedom.com\/wordpress\/wp-json\/wp\/v2\/media?parent=338"}],"curies":[{"name":"wp","href":"https:\/\/api.w.org\/{rel}","templated":true}]}}