{"id":301,"date":"2012-09-22T15:01:44","date_gmt":"2012-09-22T13:01:44","guid":{"rendered":"http:\/\/www.the-voice-of-freedom.com\/wordpress\/?page_id=301"},"modified":"2026-04-03T19:45:13","modified_gmt":"2026-04-03T17:45:13","slug":"marc-mir-directeur-musical","status":"publish","type":"page","link":"https:\/\/www.the-voice-of-freedom.com\/wordpress\/marc-mir-directeur-musical\/","title":{"rendered":"Marc MIR, ancien directeur musical"},"content":{"rendered":"<h2 style=\"text-align: justify;\">Marc Mir fut le directeur musical de The Voice Of Freedom de janvier 2004 \u00e0 janvier 2026.<\/h2>\n<p style=\"text-align: justify;\"><img loading=\"lazy\" decoding=\"async\" class=\"wp-image-5179 alignleft\" src=\"https:\/\/www.the-voice-of-freedom.com\/wordpress\/wp-content\/uploads\/2023\/12\/DSC6735-scaled.jpg\" alt=\"mir direction\" width=\"263\" height=\"395\" srcset=\"https:\/\/www.the-voice-of-freedom.com\/wordpress\/wp-content\/uploads\/2023\/12\/DSC6735-scaled.jpg 1709w, https:\/\/www.the-voice-of-freedom.com\/wordpress\/wp-content\/uploads\/2023\/12\/DSC6735-200x300.jpg 200w, https:\/\/www.the-voice-of-freedom.com\/wordpress\/wp-content\/uploads\/2023\/12\/DSC6735-683x1024.jpg 683w, https:\/\/www.the-voice-of-freedom.com\/wordpress\/wp-content\/uploads\/2023\/12\/DSC6735-1025x1536.jpg 1025w, https:\/\/www.the-voice-of-freedom.com\/wordpress\/wp-content\/uploads\/2023\/12\/DSC6735-1367x2048.jpg 1367w\" sizes=\"auto, (max-width: 263px) 100vw, 263px\" \/>N\u00e9 \u00e0 Saint Louis dans le Missouri, Marc fait ses \u00e9tudes \u00e0 la Northwestern University et se forme au m\u00e9tier de chef d\u2019orchestre. Install\u00e9 \u00e0 Boston. Ce passionn\u00e9 de musique d\u00e9cide de tout quitter pour suivre jusqu\u2019\u00e0 Paris Leon Bazin, un chef d&rsquo;orchestre qu&rsquo;il trouve \u00abbrillantissime\u00bb. C\u2019est ainsi en France qu\u2019il poursuit son parcours artistique.<\/p>\n<p style=\"text-align: justify;\"><img loading=\"lazy\" decoding=\"async\" class=\"alignright\" title=\"petitpeu\" src=\"https:\/\/www.the-voice-of-freedom.com\/wordpress\/wp-content\/uploads\/2012\/09\/petitpeu-150x150.jpg\" alt=\"The Voice Of Freedom - Directeur Musical\" width=\"196\" height=\"196\" \/>D&rsquo;ailleurs, soup\u00e7onnerez vous les talents cach\u00e9s de Marc ? Guitariste ? Pianiste ? Clarinettiste ? Compositeur ? Et bien tout cela ! Et oui Tutti, notre chef de ch\u0153ur s\u2019av\u00e8re \u00eatre un vrai \u00abcam\u00e9l\u00e9on musical\u00bb : d\u00e8s le mardi soir pass\u00e9, il anime des s\u00e9minaires de chant Gospel pour Team Building, enseigne le piano, arrange des musiques de styles divers et a \u00e9dit\u00e9 deux partitions pour le c\u00e9l\u00e8bre quintette de cuivres \u00abMagnifica\u00bb.<\/p>\n<p style=\"text-align: justify;\">Mais ne soyez pas jaloux, car Marc r\u00eave \u00e9galement pour The Voice Of Freedom (VOF) de superbes aventures : composer une oeuvre pour grand choeur et orchestre symphonique. Embarquer sur une croisi\u00e8re \u00e0 bord d&rsquo;un \u00abbeau paquebot avec des concerts tous les soirs et des visites de pays lointains\u00bb. Mais aussi faire une tourn\u00e9e en France et en Asie, notamment en Cor\u00e9e du Sud et au Japon, o\u00f9 notre musique, assure-t-il, \u00abferait un tabac !\u00bb. Alors, are you ready for the journey ?<\/p>\n<p style=\"text-align: justify;\"><img loading=\"lazy\" decoding=\"async\" class=\"alignright\" title=\"YES\" src=\"https:\/\/www.the-voice-of-freedom.com\/wordpress\/wp-content\/uploads\/2012\/09\/YES-150x150.jpg\" alt=\"Concert Gospel Paris Marc Mir\" width=\"247\" height=\"247\" \/><\/p>\n<p style=\"text-align: justify;\"><img loading=\"lazy\" decoding=\"async\" class=\"alignleft\" title=\"Avanti\" src=\"https:\/\/www.the-voice-of-freedom.com\/wordpress\/wp-content\/uploads\/2012\/09\/Avanti-150x150.jpg\" alt=\"Concert Gospel The Voice Of Freedom\" width=\"233\" height=\"233\" \/>Marc et VOF, c\u2019est effectivement une histoire qui remonte loin.<\/p>\n<p style=\"text-align: justify;\">Marc Mir devient le directeur musical de The Voice Of Freedom en 2004. Le secret ? \u00abDans la vie, il y a deux choses qui relient les gens de cultures diff\u00e9rentes : la bonne bouffe et chanter. Chez VOF, nous aimons les deux et nous aimons les partager aussi !\u00bb philosophe-t-il. Et assur\u00e9ment Marc aime la belle musique mais aussi la bonne nourriture du terroir, le couscous et le \u00abtr\u00e8s bon vin\u00bb. Sachez \u00e9galement que pour lui \u00abune coupe de champagne n\u2019est jamais de refus !\u00bb.<\/p>\n<p style=\"text-align: justify;\">Mais qu&rsquo;il se rassure, la gourmandise n\u2019est pas un p\u00each\u00e9 mortel !<\/p>\n\n\n<p>Pour en savoir plus sur les spirituals et le gospel, visitez notre page :&nbsp;<strong><a href=\"https:\/\/www.the-voice-of-freedom.com\/wordpress\/les-negro-spirituals-le-gospel\/\">Les Negro Spirituals &amp; Le Gospel<\/a><\/strong><\/p>\n\n\n\n<p>Vous r\u00eavez d\u2019int\u00e9grer notre choeur ? Pourquoi ne pas tenter l\u2019aventure :&nbsp;<strong><a href=\"https:\/\/www.the-voice-of-freedom.com\/wordpress\/auditions\/\">Nous rejoindre<\/a><\/strong><\/p>\n\n\n\n<p>Enfin, pour mieux connaitre notre chorale The Voice Of Freedom, un peu d\u2019histoire :&nbsp;<strong><a href=\"https:\/\/www.the-voice-of-freedom.com\/wordpress\/histoire-de-la-chorale\/\">Histoire de la chorale The Voice of Freedom<\/a><\/strong><\/p>\n\n<!--themify_builder_content-->\n<div id=\"themify_builder_content-301\" data-postid=\"301\" class=\"themify_builder_content themify_builder_content-301 themify_builder tf_clear\">\n    <\/div>\n<!--\/themify_builder_content-->","protected":false},"excerpt":{"rendered":"<p>Marc Mir fut le directeur musical de The Voice Of Freedom de janvier 2004 \u00e0 janvier 2026. N\u00e9 \u00e0 Saint Louis dans le Missouri, Marc fait ses \u00e9tudes \u00e0 la Northwestern University et se forme au m\u00e9tier de chef d\u2019orchestre. Install\u00e9 \u00e0 Boston. Ce passionn\u00e9 de musique d\u00e9cide de tout quitter pour suivre jusqu\u2019\u00e0 Paris [&hellip;]<\/p>\n","protected":false},"author":1,"featured_media":0,"parent":0,"menu_order":0,"comment_status":"closed","ping_status":"closed","template":"","meta":{"footnotes":""},"class_list":["post-301","page","type-page","status-publish","hentry","has-post-title","has-post-date","has-post-category","has-post-tag","has-post-comment","has-post-author",""],"yoast_head":"<!-- This site is optimized with the Yoast SEO plugin v27.4 - https:\/\/yoast.com\/product\/yoast-seo-wordpress\/ -->\n<title>Marc MIR, ancien directeur musical - The Voice of Freedom<\/title>\n<meta name=\"description\" content=\"Marc Mir est le directeur musical de la chorale Spirituals et Gospel \u00e0 Paris, The Voice Of Freedom. Il met tout son talent et son \u00e9nergie dans sa direction.\" \/>\n<meta name=\"robots\" content=\"index, follow, max-snippet:-1, max-image-preview:large, max-video-preview:-1\" \/>\n<link rel=\"canonical\" href=\"https:\/\/www.the-voice-of-freedom.com\/wordpress\/marc-mir-directeur-musical\/\" \/>\n<meta property=\"og:locale\" content=\"fr_FR\" \/>\n<meta property=\"og:type\" content=\"article\" \/>\n<meta property=\"og:title\" content=\"Marc MIR, ancien directeur musical - The Voice of Freedom\" \/>\n<meta property=\"og:description\" content=\"Marc Mir est le directeur musical de la chorale Spirituals et Gospel \u00e0 Paris, The Voice Of Freedom. Il met tout son talent et son \u00e9nergie dans sa direction.\" \/>\n<meta property=\"og:url\" content=\"https:\/\/www.the-voice-of-freedom.com\/wordpress\/marc-mir-directeur-musical\/\" \/>\n<meta property=\"og:site_name\" content=\"The Voice of Freedom\" \/>\n<meta property=\"article:modified_time\" content=\"2026-04-03T17:45:13+00:00\" \/>\n<meta property=\"og:image\" content=\"https:\/\/www.the-voice-of-freedom.com\/wordpress\/wp-content\/uploads\/2023\/12\/DSC6735-scaled.jpg\" \/>\n\t<meta property=\"og:image:width\" content=\"1709\" \/>\n\t<meta property=\"og:image:height\" content=\"2560\" \/>\n\t<meta property=\"og:image:type\" content=\"image\/jpeg\" \/>\n<meta name=\"twitter:card\" content=\"summary_large_image\" \/>\n<meta name=\"twitter:label1\" content=\"Dur\u00e9e de lecture estim\u00e9e\" \/>\n\t<meta name=\"twitter:data1\" content=\"3 minutes\" \/>\n<script type=\"application\/ld+json\" class=\"yoast-schema-graph\">{\"@context\":\"https:\\\/\\\/schema.org\",\"@graph\":[{\"@type\":\"WebPage\",\"@id\":\"https:\\\/\\\/www.the-voice-of-freedom.com\\\/wordpress\\\/marc-mir-directeur-musical\\\/\",\"url\":\"https:\\\/\\\/www.the-voice-of-freedom.com\\\/wordpress\\\/marc-mir-directeur-musical\\\/\",\"name\":\"Marc MIR, ancien directeur musical - The Voice of Freedom\",\"isPartOf\":{\"@id\":\"https:\\\/\\\/www.the-voice-of-freedom.com\\\/wordpress\\\/#website\"},\"primaryImageOfPage\":{\"@id\":\"https:\\\/\\\/www.the-voice-of-freedom.com\\\/wordpress\\\/marc-mir-directeur-musical\\\/#primaryimage\"},\"image\":{\"@id\":\"https:\\\/\\\/www.the-voice-of-freedom.com\\\/wordpress\\\/marc-mir-directeur-musical\\\/#primaryimage\"},\"thumbnailUrl\":\"https:\\\/\\\/www.the-voice-of-freedom.com\\\/wordpress\\\/wp-content\\\/uploads\\\/2023\\\/12\\\/DSC6735-scaled.jpg\",\"datePublished\":\"2012-09-22T13:01:44+00:00\",\"dateModified\":\"2026-04-03T17:45:13+00:00\",\"description\":\"Marc Mir est le directeur musical de la chorale Spirituals et Gospel \u00e0 Paris, The Voice Of Freedom. Il met tout son talent et son \u00e9nergie dans sa direction.\",\"breadcrumb\":{\"@id\":\"https:\\\/\\\/www.the-voice-of-freedom.com\\\/wordpress\\\/marc-mir-directeur-musical\\\/#breadcrumb\"},\"inLanguage\":\"fr-FR\",\"potentialAction\":[{\"@type\":\"ReadAction\",\"target\":[\"https:\\\/\\\/www.the-voice-of-freedom.com\\\/wordpress\\\/marc-mir-directeur-musical\\\/\"]}]},{\"@type\":\"ImageObject\",\"inLanguage\":\"fr-FR\",\"@id\":\"https:\\\/\\\/www.the-voice-of-freedom.com\\\/wordpress\\\/marc-mir-directeur-musical\\\/#primaryimage\",\"url\":\"https:\\\/\\\/www.the-voice-of-freedom.com\\\/wordpress\\\/wp-content\\\/uploads\\\/2023\\\/12\\\/DSC6735-scaled.jpg\",\"contentUrl\":\"https:\\\/\\\/www.the-voice-of-freedom.com\\\/wordpress\\\/wp-content\\\/uploads\\\/2023\\\/12\\\/DSC6735-scaled.jpg\",\"width\":1709,\"height\":2560,\"caption\":\"mir direction\"},{\"@type\":\"BreadcrumbList\",\"@id\":\"https:\\\/\\\/www.the-voice-of-freedom.com\\\/wordpress\\\/marc-mir-directeur-musical\\\/#breadcrumb\",\"itemListElement\":[{\"@type\":\"ListItem\",\"position\":1,\"name\":\"Accueil\",\"item\":\"https:\\\/\\\/www.the-voice-of-freedom.com\\\/wordpress\\\/\"},{\"@type\":\"ListItem\",\"position\":2,\"name\":\"Marc MIR, ancien directeur musical\"}]},{\"@type\":\"WebSite\",\"@id\":\"https:\\\/\\\/www.the-voice-of-freedom.com\\\/wordpress\\\/#website\",\"url\":\"https:\\\/\\\/www.the-voice-of-freedom.com\\\/wordpress\\\/\",\"name\":\"The Voice of Freedom\",\"description\":\"Chorale parisienne de Negro Spirituals et Gospel\",\"publisher\":{\"@id\":\"https:\\\/\\\/www.the-voice-of-freedom.com\\\/wordpress\\\/#organization\"},\"potentialAction\":[{\"@type\":\"SearchAction\",\"target\":{\"@type\":\"EntryPoint\",\"urlTemplate\":\"https:\\\/\\\/www.the-voice-of-freedom.com\\\/wordpress\\\/?s={search_term_string}\"},\"query-input\":{\"@type\":\"PropertyValueSpecification\",\"valueRequired\":true,\"valueName\":\"search_term_string\"}}],\"inLanguage\":\"fr-FR\"},{\"@type\":\"Organization\",\"@id\":\"https:\\\/\\\/www.the-voice-of-freedom.com\\\/wordpress\\\/#organization\",\"name\":\"The Voice Of Freedom\",\"url\":\"https:\\\/\\\/www.the-voice-of-freedom.com\\\/wordpress\\\/\",\"logo\":{\"@type\":\"ImageObject\",\"inLanguage\":\"fr-FR\",\"@id\":\"https:\\\/\\\/www.the-voice-of-freedom.com\\\/wordpress\\\/#\\\/schema\\\/logo\\\/image\\\/\",\"url\":\"https:\\\/\\\/www.the-voice-of-freedom.com\\\/wordpress\\\/wp-content\\\/uploads\\\/2017\\\/03\\\/logo-vof.png\",\"contentUrl\":\"https:\\\/\\\/www.the-voice-of-freedom.com\\\/wordpress\\\/wp-content\\\/uploads\\\/2017\\\/03\\\/logo-vof.png\",\"width\":134,\"height\":75,\"caption\":\"The Voice Of Freedom\"},\"image\":{\"@id\":\"https:\\\/\\\/www.the-voice-of-freedom.com\\\/wordpress\\\/#\\\/schema\\\/logo\\\/image\\\/\"}}]}<\/script>\n<!-- \/ Yoast SEO plugin. -->","yoast_head_json":{"title":"Marc MIR, ancien directeur musical - The Voice of Freedom","description":"Marc Mir est le directeur musical de la chorale Spirituals et Gospel \u00e0 Paris, The Voice Of Freedom. Il met tout son talent et son \u00e9nergie dans sa direction.","robots":{"index":"index","follow":"follow","max-snippet":"max-snippet:-1","max-image-preview":"max-image-preview:large","max-video-preview":"max-video-preview:-1"},"canonical":"https:\/\/www.the-voice-of-freedom.com\/wordpress\/marc-mir-directeur-musical\/","og_locale":"fr_FR","og_type":"article","og_title":"Marc MIR, ancien directeur musical - The Voice of Freedom","og_description":"Marc Mir est le directeur musical de la chorale Spirituals et Gospel \u00e0 Paris, The Voice Of Freedom. Il met tout son talent et son \u00e9nergie dans sa direction.","og_url":"https:\/\/www.the-voice-of-freedom.com\/wordpress\/marc-mir-directeur-musical\/","og_site_name":"The Voice of Freedom","article_modified_time":"2026-04-03T17:45:13+00:00","og_image":[{"width":1709,"height":2560,"url":"https:\/\/www.the-voice-of-freedom.com\/wordpress\/wp-content\/uploads\/2023\/12\/DSC6735-scaled.jpg","type":"image\/jpeg"}],"twitter_card":"summary_large_image","twitter_misc":{"Dur\u00e9e de lecture estim\u00e9e":"3 minutes"},"schema":{"@context":"https:\/\/schema.org","@graph":[{"@type":"WebPage","@id":"https:\/\/www.the-voice-of-freedom.com\/wordpress\/marc-mir-directeur-musical\/","url":"https:\/\/www.the-voice-of-freedom.com\/wordpress\/marc-mir-directeur-musical\/","name":"Marc MIR, ancien directeur musical - The Voice of Freedom","isPartOf":{"@id":"https:\/\/www.the-voice-of-freedom.com\/wordpress\/#website"},"primaryImageOfPage":{"@id":"https:\/\/www.the-voice-of-freedom.com\/wordpress\/marc-mir-directeur-musical\/#primaryimage"},"image":{"@id":"https:\/\/www.the-voice-of-freedom.com\/wordpress\/marc-mir-directeur-musical\/#primaryimage"},"thumbnailUrl":"https:\/\/www.the-voice-of-freedom.com\/wordpress\/wp-content\/uploads\/2023\/12\/DSC6735-scaled.jpg","datePublished":"2012-09-22T13:01:44+00:00","dateModified":"2026-04-03T17:45:13+00:00","description":"Marc Mir est le directeur musical de la chorale Spirituals et Gospel \u00e0 Paris, The Voice Of Freedom. Il met tout son talent et son \u00e9nergie dans sa direction.","breadcrumb":{"@id":"https:\/\/www.the-voice-of-freedom.com\/wordpress\/marc-mir-directeur-musical\/#breadcrumb"},"inLanguage":"fr-FR","potentialAction":[{"@type":"ReadAction","target":["https:\/\/www.the-voice-of-freedom.com\/wordpress\/marc-mir-directeur-musical\/"]}]},{"@type":"ImageObject","inLanguage":"fr-FR","@id":"https:\/\/www.the-voice-of-freedom.com\/wordpress\/marc-mir-directeur-musical\/#primaryimage","url":"https:\/\/www.the-voice-of-freedom.com\/wordpress\/wp-content\/uploads\/2023\/12\/DSC6735-scaled.jpg","contentUrl":"https:\/\/www.the-voice-of-freedom.com\/wordpress\/wp-content\/uploads\/2023\/12\/DSC6735-scaled.jpg","width":1709,"height":2560,"caption":"mir direction"},{"@type":"BreadcrumbList","@id":"https:\/\/www.the-voice-of-freedom.com\/wordpress\/marc-mir-directeur-musical\/#breadcrumb","itemListElement":[{"@type":"ListItem","position":1,"name":"Accueil","item":"https:\/\/www.the-voice-of-freedom.com\/wordpress\/"},{"@type":"ListItem","position":2,"name":"Marc MIR, ancien directeur musical"}]},{"@type":"WebSite","@id":"https:\/\/www.the-voice-of-freedom.com\/wordpress\/#website","url":"https:\/\/www.the-voice-of-freedom.com\/wordpress\/","name":"The Voice of Freedom","description":"Chorale parisienne de Negro Spirituals et Gospel","publisher":{"@id":"https:\/\/www.the-voice-of-freedom.com\/wordpress\/#organization"},"potentialAction":[{"@type":"SearchAction","target":{"@type":"EntryPoint","urlTemplate":"https:\/\/www.the-voice-of-freedom.com\/wordpress\/?s={search_term_string}"},"query-input":{"@type":"PropertyValueSpecification","valueRequired":true,"valueName":"search_term_string"}}],"inLanguage":"fr-FR"},{"@type":"Organization","@id":"https:\/\/www.the-voice-of-freedom.com\/wordpress\/#organization","name":"The Voice Of Freedom","url":"https:\/\/www.the-voice-of-freedom.com\/wordpress\/","logo":{"@type":"ImageObject","inLanguage":"fr-FR","@id":"https:\/\/www.the-voice-of-freedom.com\/wordpress\/#\/schema\/logo\/image\/","url":"https:\/\/www.the-voice-of-freedom.com\/wordpress\/wp-content\/uploads\/2017\/03\/logo-vof.png","contentUrl":"https:\/\/www.the-voice-of-freedom.com\/wordpress\/wp-content\/uploads\/2017\/03\/logo-vof.png","width":134,"height":75,"caption":"The Voice Of Freedom"},"image":{"@id":"https:\/\/www.the-voice-of-freedom.com\/wordpress\/#\/schema\/logo\/image\/"}}]}},"builder_content":"","_links":{"self":[{"href":"https:\/\/www.the-voice-of-freedom.com\/wordpress\/wp-json\/wp\/v2\/pages\/301","targetHints":{"allow":["GET"]}}],"collection":[{"href":"https:\/\/www.the-voice-of-freedom.com\/wordpress\/wp-json\/wp\/v2\/pages"}],"about":[{"href":"https:\/\/www.the-voice-of-freedom.com\/wordpress\/wp-json\/wp\/v2\/types\/page"}],"author":[{"embeddable":true,"href":"https:\/\/www.the-voice-of-freedom.com\/wordpress\/wp-json\/wp\/v2\/users\/1"}],"replies":[{"embeddable":true,"href":"https:\/\/www.the-voice-of-freedom.com\/wordpress\/wp-json\/wp\/v2\/comments?post=301"}],"version-history":[{"count":21,"href":"https:\/\/www.the-voice-of-freedom.com\/wordpress\/wp-json\/wp\/v2\/pages\/301\/revisions"}],"predecessor-version":[{"id":5457,"href":"https:\/\/www.the-voice-of-freedom.com\/wordpress\/wp-json\/wp\/v2\/pages\/301\/revisions\/5457"}],"wp:attachment":[{"href":"https:\/\/www.the-voice-of-freedom.com\/wordpress\/wp-json\/wp\/v2\/media?parent=301"}],"curies":[{"name":"wp","href":"https:\/\/api.w.org\/{rel}","templated":true}]}}