{"id":252,"date":"2012-08-15T10:42:08","date_gmt":"2012-08-15T08:42:08","guid":{"rendered":"http:\/\/www.the-voice-of-freedom.com\/wordpress\/?page_id=252"},"modified":"2012-10-20T11:06:48","modified_gmt":"2012-10-20T09:06:48","slug":"album-freedom-songs","status":"publish","type":"page","link":"https:\/\/www.the-voice-of-freedom.com\/wordpress\/album-freedom-songs\/","title":{"rendered":"album \u00ab\u00a0Freedom Songs\u00a0\u00bb (2009)"},"content":{"rendered":"<h1><a href=\"https:\/\/www.the-voice-of-freedom.com\/wordpress\/wp-content\/uploads\/2012\/08\/CD-freedom-songs.png\"><img loading=\"lazy\" decoding=\"async\" class=\"alignnone  wp-image-383\" title=\"CD freedom songs\" src=\"https:\/\/www.the-voice-of-freedom.com\/wordpress\/wp-content\/uploads\/2012\/08\/CD-freedom-songs-150x150.png\" alt=\"\" width=\"150\" height=\"150\" srcset=\"https:\/\/www.the-voice-of-freedom.com\/wordpress\/wp-content\/uploads\/2012\/08\/CD-freedom-songs-150x150.png 150w, https:\/\/www.the-voice-of-freedom.com\/wordpress\/wp-content\/uploads\/2012\/08\/CD-freedom-songs-300x300.png 300w, https:\/\/www.the-voice-of-freedom.com\/wordpress\/wp-content\/uploads\/2012\/08\/CD-freedom-songs-299x300.png 299w, https:\/\/www.the-voice-of-freedom.com\/wordpress\/wp-content\/uploads\/2012\/08\/CD-freedom-songs.png 930w\" sizes=\"auto, (max-width: 150px) 100vw, 150px\" \/><\/a><a href=\"https:\/\/www.the-voice-of-freedom.com\/wordpress\/wp-content\/uploads\/2012\/08\/CD-freedom-songs.jpg\"><img loading=\"lazy\" decoding=\"async\" class=\"alignnone  wp-image-254\" title=\"CD freedom songs\" src=\"https:\/\/www.the-voice-of-freedom.com\/wordpress\/wp-content\/uploads\/2012\/08\/CD-freedom-songs.jpg\" alt=\"\" width=\"150\" height=\"150\" srcset=\"https:\/\/www.the-voice-of-freedom.com\/wordpress\/wp-content\/uploads\/2012\/08\/CD-freedom-songs.jpg 975w, https:\/\/www.the-voice-of-freedom.com\/wordpress\/wp-content\/uploads\/2012\/08\/CD-freedom-songs-300x300.jpg 300w, https:\/\/www.the-voice-of-freedom.com\/wordpress\/wp-content\/uploads\/2012\/08\/CD-freedom-songs-363x363.jpg 363w, https:\/\/www.the-voice-of-freedom.com\/wordpress\/wp-content\/uploads\/2012\/08\/CD-freedom-songs-200x200.jpg 200w, https:\/\/www.the-voice-of-freedom.com\/wordpress\/wp-content\/uploads\/2012\/08\/CD-freedom-songs-250x250.jpg 250w, https:\/\/www.the-voice-of-freedom.com\/wordpress\/wp-content\/uploads\/2012\/08\/CD-freedom-songs-400x400.jpg 400w, https:\/\/www.the-voice-of-freedom.com\/wordpress\/wp-content\/uploads\/2012\/08\/CD-freedom-songs-500x500.jpg 500w\" sizes=\"auto, (max-width: 150px) 100vw, 150px\" \/><\/a><\/h1>\n<ol>\n<li><strong>The light walkers<\/strong> (Marc Mir) + <strong>Siyahumbeh<\/strong> (trad. afrique du Sud)<\/li>\n<li><strong>Moses went down<\/strong> (traditionnel am\u00e9ricain, arr. M. Mir &amp; E. Passerard)<\/li>\n<li><strong>Do Lord<\/strong> (traditionnel am\u00e9ricain, Arr. N.Luboff)<\/li>\n<li><strong>Deep river<\/strong> (traditionnel am\u00e9ricain, arr. J.J. Cleveland)<\/li>\n<li><strong>Down by the river side<\/strong> (traditionnel am\u00e9ricain, arr. W. Scheider)<\/li>\n<li><strong>The storm is passing over<\/strong> (Charles Albert Tindley, arr. Barbara W. Baker)<\/li>\n<li><strong>Blackbird<\/strong> (Mus\/Par : JP. Wabotai, arr. J. Bouniard)<\/li>\n<li><strong>Ev&rsquo;ry time I feel the spirit<\/strong> (traditionnel am\u00e9ricain, arr. W.L. Dawson)<\/li>\n<li><strong>By the rivers of Babylon<\/strong> (Par\/Mus : B. Dowe, T. McNaughton, F. Farian, Reyam)<\/li>\n<li><strong>Old time religion<\/strong> (traditionnel am\u00e9ricain, arr. M. Hogan, B. Harlan)<\/li>\n<li><strong>My Lord what a mornin&rsquo;<\/strong> (trad. am\u00e9ricain, arr. Harry T.Burleigh)<\/li>\n<li><strong>Elijah rock<\/strong> (traditionnel am\u00e9ricain, arr. Marc Mir)<\/li>\n<li><strong>Freedom Train<\/strong> (Marc Mir)<\/li>\n<li><strong>When the saints go marching in<\/strong> (traditionnel am\u00e9ricain, arr. J. Rutter)<\/li>\n<li><strong>We shall overcome<\/strong> (traditionnel am\u00e9ricain, arr. J.J.Cleveland)<\/li>\n<li><strong>The light walkers<\/strong> (Marc Mir) + <strong>Freedom is coming<\/strong> (trad. Afrique du Sud)<\/li>\n<\/ol>\n<p>&nbsp;<\/p>\n<!--themify_builder_content-->\n<div id=\"themify_builder_content-252\" data-postid=\"252\" class=\"themify_builder_content themify_builder_content-252 themify_builder tf_clear\">\n    <\/div>\n<!--\/themify_builder_content-->\n","protected":false},"excerpt":{"rendered":"<p>The light walkers (Marc Mir) + Siyahumbeh (trad. afrique du Sud) Moses went down (traditionnel am\u00e9ricain, arr. M. Mir &amp; E. Passerard) Do Lord (traditionnel am\u00e9ricain, Arr. N.Luboff) Deep river (traditionnel am\u00e9ricain, arr. J.J. Cleveland) Down by the river side (traditionnel am\u00e9ricain, arr. W. Scheider) The storm is passing over (Charles Albert Tindley, arr. Barbara [&hellip;]<\/p>\n","protected":false},"author":1,"featured_media":0,"parent":0,"menu_order":0,"comment_status":"closed","ping_status":"closed","template":"","meta":{"footnotes":""},"class_list":["post-252","page","type-page","status-publish","hentry","has-post-title","has-post-date","has-post-category","has-post-tag","has-post-comment","has-post-author",""],"yoast_head":"<!-- This site is optimized with the Yoast SEO plugin v27.5 - https:\/\/yoast.com\/product\/yoast-seo-wordpress\/ -->\n<title>album &quot;Freedom Songs&quot; (2009) - The Voice of Freedom<\/title>\n<meta name=\"robots\" content=\"index, follow, max-snippet:-1, max-image-preview:large, max-video-preview:-1\" \/>\n<link rel=\"canonical\" href=\"https:\/\/www.the-voice-of-freedom.com\/wordpress\/album-freedom-songs\/\" \/>\n<meta property=\"og:locale\" content=\"fr_FR\" \/>\n<meta property=\"og:type\" content=\"article\" \/>\n<meta property=\"og:title\" content=\"album &quot;Freedom Songs&quot; (2009) - The Voice of Freedom\" \/>\n<meta property=\"og:description\" content=\"The light walkers (Marc Mir) + Siyahumbeh (trad. afrique du Sud) Moses went down (traditionnel am\u00e9ricain, arr. M. Mir &amp; E. Passerard) Do Lord (traditionnel am\u00e9ricain, Arr. N.Luboff) Deep river (traditionnel am\u00e9ricain, arr. J.J. Cleveland) Down by the river side (traditionnel am\u00e9ricain, arr. W. Scheider) The storm is passing over (Charles Albert Tindley, arr. Barbara [&hellip;]\" \/>\n<meta property=\"og:url\" content=\"https:\/\/www.the-voice-of-freedom.com\/wordpress\/album-freedom-songs\/\" \/>\n<meta property=\"og:site_name\" content=\"The Voice of Freedom\" \/>\n<meta property=\"article:modified_time\" content=\"2012-10-20T09:06:48+00:00\" \/>\n<meta property=\"og:image\" content=\"https:\/\/www.the-voice-of-freedom.com\/wordpress\/wp-content\/uploads\/2012\/08\/CD-freedom-songs-150x150.png\" \/>\n<meta name=\"twitter:card\" content=\"summary_large_image\" \/>\n<meta name=\"twitter:label1\" content=\"Dur\u00e9e de lecture estim\u00e9e\" \/>\n\t<meta name=\"twitter:data1\" content=\"1 minute\" \/>\n<script type=\"application\/ld+json\" class=\"yoast-schema-graph\">{\"@context\":\"https:\\\/\\\/schema.org\",\"@graph\":[{\"@type\":\"WebPage\",\"@id\":\"https:\\\/\\\/www.the-voice-of-freedom.com\\\/wordpress\\\/album-freedom-songs\\\/\",\"url\":\"https:\\\/\\\/www.the-voice-of-freedom.com\\\/wordpress\\\/album-freedom-songs\\\/\",\"name\":\"album \\\"Freedom Songs\\\" (2009) - The Voice of Freedom\",\"isPartOf\":{\"@id\":\"https:\\\/\\\/www.the-voice-of-freedom.com\\\/wordpress\\\/#website\"},\"primaryImageOfPage\":{\"@id\":\"https:\\\/\\\/www.the-voice-of-freedom.com\\\/wordpress\\\/album-freedom-songs\\\/#primaryimage\"},\"image\":{\"@id\":\"https:\\\/\\\/www.the-voice-of-freedom.com\\\/wordpress\\\/album-freedom-songs\\\/#primaryimage\"},\"thumbnailUrl\":\"https:\\\/\\\/www.the-voice-of-freedom.com\\\/wordpress\\\/wp-content\\\/uploads\\\/2012\\\/08\\\/CD-freedom-songs-150x150.png\",\"datePublished\":\"2012-08-15T08:42:08+00:00\",\"dateModified\":\"2012-10-20T09:06:48+00:00\",\"breadcrumb\":{\"@id\":\"https:\\\/\\\/www.the-voice-of-freedom.com\\\/wordpress\\\/album-freedom-songs\\\/#breadcrumb\"},\"inLanguage\":\"fr-FR\",\"potentialAction\":[{\"@type\":\"ReadAction\",\"target\":[\"https:\\\/\\\/www.the-voice-of-freedom.com\\\/wordpress\\\/album-freedom-songs\\\/\"]}]},{\"@type\":\"ImageObject\",\"inLanguage\":\"fr-FR\",\"@id\":\"https:\\\/\\\/www.the-voice-of-freedom.com\\\/wordpress\\\/album-freedom-songs\\\/#primaryimage\",\"url\":\"https:\\\/\\\/www.the-voice-of-freedom.com\\\/wordpress\\\/wp-content\\\/uploads\\\/2012\\\/08\\\/CD-freedom-songs.png\",\"contentUrl\":\"https:\\\/\\\/www.the-voice-of-freedom.com\\\/wordpress\\\/wp-content\\\/uploads\\\/2012\\\/08\\\/CD-freedom-songs.png\",\"width\":\"930\",\"height\":\"933\"},{\"@type\":\"BreadcrumbList\",\"@id\":\"https:\\\/\\\/www.the-voice-of-freedom.com\\\/wordpress\\\/album-freedom-songs\\\/#breadcrumb\",\"itemListElement\":[{\"@type\":\"ListItem\",\"position\":1,\"name\":\"Accueil\",\"item\":\"https:\\\/\\\/www.the-voice-of-freedom.com\\\/wordpress\\\/\"},{\"@type\":\"ListItem\",\"position\":2,\"name\":\"album \u00ab\u00a0Freedom Songs\u00a0\u00bb (2009)\"}]},{\"@type\":\"WebSite\",\"@id\":\"https:\\\/\\\/www.the-voice-of-freedom.com\\\/wordpress\\\/#website\",\"url\":\"https:\\\/\\\/www.the-voice-of-freedom.com\\\/wordpress\\\/\",\"name\":\"The Voice of Freedom\",\"description\":\"Chorale parisienne de Negro Spirituals et Gospel\",\"publisher\":{\"@id\":\"https:\\\/\\\/www.the-voice-of-freedom.com\\\/wordpress\\\/#organization\"},\"potentialAction\":[{\"@type\":\"SearchAction\",\"target\":{\"@type\":\"EntryPoint\",\"urlTemplate\":\"https:\\\/\\\/www.the-voice-of-freedom.com\\\/wordpress\\\/?s={search_term_string}\"},\"query-input\":{\"@type\":\"PropertyValueSpecification\",\"valueRequired\":true,\"valueName\":\"search_term_string\"}}],\"inLanguage\":\"fr-FR\"},{\"@type\":\"Organization\",\"@id\":\"https:\\\/\\\/www.the-voice-of-freedom.com\\\/wordpress\\\/#organization\",\"name\":\"The Voice Of Freedom\",\"url\":\"https:\\\/\\\/www.the-voice-of-freedom.com\\\/wordpress\\\/\",\"logo\":{\"@type\":\"ImageObject\",\"inLanguage\":\"fr-FR\",\"@id\":\"https:\\\/\\\/www.the-voice-of-freedom.com\\\/wordpress\\\/#\\\/schema\\\/logo\\\/image\\\/\",\"url\":\"https:\\\/\\\/www.the-voice-of-freedom.com\\\/wordpress\\\/wp-content\\\/uploads\\\/2017\\\/03\\\/logo-vof.png\",\"contentUrl\":\"https:\\\/\\\/www.the-voice-of-freedom.com\\\/wordpress\\\/wp-content\\\/uploads\\\/2017\\\/03\\\/logo-vof.png\",\"width\":134,\"height\":75,\"caption\":\"The Voice Of Freedom\"},\"image\":{\"@id\":\"https:\\\/\\\/www.the-voice-of-freedom.com\\\/wordpress\\\/#\\\/schema\\\/logo\\\/image\\\/\"}}]}<\/script>\n<!-- \/ Yoast SEO plugin. -->","yoast_head_json":{"title":"album \"Freedom Songs\" (2009) - The Voice of Freedom","robots":{"index":"index","follow":"follow","max-snippet":"max-snippet:-1","max-image-preview":"max-image-preview:large","max-video-preview":"max-video-preview:-1"},"canonical":"https:\/\/www.the-voice-of-freedom.com\/wordpress\/album-freedom-songs\/","og_locale":"fr_FR","og_type":"article","og_title":"album \"Freedom Songs\" (2009) - The Voice of Freedom","og_description":"The light walkers (Marc Mir) + Siyahumbeh (trad. afrique du Sud) Moses went down (traditionnel am\u00e9ricain, arr. M. Mir &amp; E. Passerard) Do Lord (traditionnel am\u00e9ricain, Arr. N.Luboff) Deep river (traditionnel am\u00e9ricain, arr. J.J. Cleveland) Down by the river side (traditionnel am\u00e9ricain, arr. W. Scheider) The storm is passing over (Charles Albert Tindley, arr. Barbara [&hellip;]","og_url":"https:\/\/www.the-voice-of-freedom.com\/wordpress\/album-freedom-songs\/","og_site_name":"The Voice of Freedom","article_modified_time":"2012-10-20T09:06:48+00:00","og_image":[{"url":"https:\/\/www.the-voice-of-freedom.com\/wordpress\/wp-content\/uploads\/2012\/08\/CD-freedom-songs-150x150.png","type":"","width":"","height":""}],"twitter_card":"summary_large_image","twitter_misc":{"Dur\u00e9e de lecture estim\u00e9e":"1 minute"},"schema":{"@context":"https:\/\/schema.org","@graph":[{"@type":"WebPage","@id":"https:\/\/www.the-voice-of-freedom.com\/wordpress\/album-freedom-songs\/","url":"https:\/\/www.the-voice-of-freedom.com\/wordpress\/album-freedom-songs\/","name":"album \"Freedom Songs\" (2009) - The Voice of Freedom","isPartOf":{"@id":"https:\/\/www.the-voice-of-freedom.com\/wordpress\/#website"},"primaryImageOfPage":{"@id":"https:\/\/www.the-voice-of-freedom.com\/wordpress\/album-freedom-songs\/#primaryimage"},"image":{"@id":"https:\/\/www.the-voice-of-freedom.com\/wordpress\/album-freedom-songs\/#primaryimage"},"thumbnailUrl":"https:\/\/www.the-voice-of-freedom.com\/wordpress\/wp-content\/uploads\/2012\/08\/CD-freedom-songs-150x150.png","datePublished":"2012-08-15T08:42:08+00:00","dateModified":"2012-10-20T09:06:48+00:00","breadcrumb":{"@id":"https:\/\/www.the-voice-of-freedom.com\/wordpress\/album-freedom-songs\/#breadcrumb"},"inLanguage":"fr-FR","potentialAction":[{"@type":"ReadAction","target":["https:\/\/www.the-voice-of-freedom.com\/wordpress\/album-freedom-songs\/"]}]},{"@type":"ImageObject","inLanguage":"fr-FR","@id":"https:\/\/www.the-voice-of-freedom.com\/wordpress\/album-freedom-songs\/#primaryimage","url":"https:\/\/www.the-voice-of-freedom.com\/wordpress\/wp-content\/uploads\/2012\/08\/CD-freedom-songs.png","contentUrl":"https:\/\/www.the-voice-of-freedom.com\/wordpress\/wp-content\/uploads\/2012\/08\/CD-freedom-songs.png","width":"930","height":"933"},{"@type":"BreadcrumbList","@id":"https:\/\/www.the-voice-of-freedom.com\/wordpress\/album-freedom-songs\/#breadcrumb","itemListElement":[{"@type":"ListItem","position":1,"name":"Accueil","item":"https:\/\/www.the-voice-of-freedom.com\/wordpress\/"},{"@type":"ListItem","position":2,"name":"album \u00ab\u00a0Freedom Songs\u00a0\u00bb (2009)"}]},{"@type":"WebSite","@id":"https:\/\/www.the-voice-of-freedom.com\/wordpress\/#website","url":"https:\/\/www.the-voice-of-freedom.com\/wordpress\/","name":"The Voice of Freedom","description":"Chorale parisienne de Negro Spirituals et Gospel","publisher":{"@id":"https:\/\/www.the-voice-of-freedom.com\/wordpress\/#organization"},"potentialAction":[{"@type":"SearchAction","target":{"@type":"EntryPoint","urlTemplate":"https:\/\/www.the-voice-of-freedom.com\/wordpress\/?s={search_term_string}"},"query-input":{"@type":"PropertyValueSpecification","valueRequired":true,"valueName":"search_term_string"}}],"inLanguage":"fr-FR"},{"@type":"Organization","@id":"https:\/\/www.the-voice-of-freedom.com\/wordpress\/#organization","name":"The Voice Of Freedom","url":"https:\/\/www.the-voice-of-freedom.com\/wordpress\/","logo":{"@type":"ImageObject","inLanguage":"fr-FR","@id":"https:\/\/www.the-voice-of-freedom.com\/wordpress\/#\/schema\/logo\/image\/","url":"https:\/\/www.the-voice-of-freedom.com\/wordpress\/wp-content\/uploads\/2017\/03\/logo-vof.png","contentUrl":"https:\/\/www.the-voice-of-freedom.com\/wordpress\/wp-content\/uploads\/2017\/03\/logo-vof.png","width":134,"height":75,"caption":"The Voice Of Freedom"},"image":{"@id":"https:\/\/www.the-voice-of-freedom.com\/wordpress\/#\/schema\/logo\/image\/"}}]}},"builder_content":"","_links":{"self":[{"href":"https:\/\/www.the-voice-of-freedom.com\/wordpress\/wp-json\/wp\/v2\/pages\/252","targetHints":{"allow":["GET"]}}],"collection":[{"href":"https:\/\/www.the-voice-of-freedom.com\/wordpress\/wp-json\/wp\/v2\/pages"}],"about":[{"href":"https:\/\/www.the-voice-of-freedom.com\/wordpress\/wp-json\/wp\/v2\/types\/page"}],"author":[{"embeddable":true,"href":"https:\/\/www.the-voice-of-freedom.com\/wordpress\/wp-json\/wp\/v2\/users\/1"}],"replies":[{"embeddable":true,"href":"https:\/\/www.the-voice-of-freedom.com\/wordpress\/wp-json\/wp\/v2\/comments?post=252"}],"version-history":[{"count":9,"href":"https:\/\/www.the-voice-of-freedom.com\/wordpress\/wp-json\/wp\/v2\/pages\/252\/revisions"}],"predecessor-version":[{"id":262,"href":"https:\/\/www.the-voice-of-freedom.com\/wordpress\/wp-json\/wp\/v2\/pages\/252\/revisions\/262"}],"wp:attachment":[{"href":"https:\/\/www.the-voice-of-freedom.com\/wordpress\/wp-json\/wp\/v2\/media?parent=252"}],"curies":[{"name":"wp","href":"https:\/\/api.w.org\/{rel}","templated":true}]}}